{"id":10715,"date":"2022-09-21T16:40:29","date_gmt":"2022-09-21T20:40:29","guid":{"rendered":"https:\/\/www.hockeywestisland.org\/?page_id=10715"},"modified":"2024-10-12T18:01:08","modified_gmt":"2024-10-12T22:01:08","slug":"boutique","status":"publish","type":"page","link":"https:\/\/www.hockeywestisland.org\/fr\/boutique\/","title":{"rendered":"BOUTIQUE"},"content":{"rendered":"<p><section id=\"bt_bb_section69d388a47f248\" class=\"bt_bb_section bt_bb_layout_boxed_1200\"  data-bt-override-class=\"null\"><div class=\"bt_bb_port\"><div class=\"bt_bb_cell\"><div class=\"bt_bb_cell_inner\"><div class=\"bt_bb_row \"  data-bt-override-class=\"{}\"><div class=\"bt_bb_row_holder\" ><div  class=\"bt_bb_column col-xxl-12 col-xl-12 col-xs-12 col-sm-12 col-md-12 col-lg-12 bt_bb_vertical_align_top bt_bb_align_left bt_bb_padding_normal\" style=\"; --column-width:12;\" data-width=\"12\" data-bt-override-class=\"{}\"><div class=\"bt_bb_column_content\"><div class=\"bt_bb_column_content_inner\"><div class=\"bt_bb_separator bt_bb_border_style_none bt_bb_top_spacing_small bt_bb_bottom_spacing_none\" data-bt-override-class=\"{&quot;bt_bb_top_spacing_&quot;:{&quot;current_class&quot;:&quot;bt_bb_top_spacing_small&quot;,&quot;xxl&quot;:&quot;small&quot;,&quot;xl&quot;:&quot;small&quot;},&quot;bt_bb_bottom_spacing_&quot;:{&quot;current_class&quot;:&quot;bt_bb_bottom_spacing_none&quot;,&quot;xxl&quot;:&quot;none&quot;,&quot;xl&quot;:&quot;none&quot;}}\"><\/div><header class=\"bt_bb_headline bt_bb_dash_none bt_bb_subheadline bt_bb_size_inherit bt_bb_align_inherit\" data-bt-override-class=\"{&quot;bt_bb_size_&quot;:{&quot;current_class&quot;:&quot;bt_bb_size_inherit&quot;,&quot;xxl&quot;:&quot;inherit&quot;,&quot;xl&quot;:&quot;inherit&quot;},&quot;bt_bb_align_&quot;:{&quot;current_class&quot;:&quot;bt_bb_align_inherit&quot;,&quot;xxl&quot;:&quot;inherit&quot;,&quot;xl&quot;:&quot;inherit&quot;}}\"><h1 class=\"bt_bb_headline_tag\"><span class=\"bt_bb_headline_content\"><span>FOURNISSEURS OFFICIELS DE HWI<\/span><\/span><\/h1><div class=\"bt_bb_headline_subheadline\">Toutes les commandes, les paiements, le statut, et les d\u00e9tails de ramassage ou de livraison doivent \u00eatre trait\u00e9s directement avec le fournisseur. Vous avez des questions sur les tailles, la coupe, ou autre chose? Veuillez contacter directement nos fournisseurs.<\/div><\/header><div class=\"bt_bb_separator bt_bb_border_style_none bt_bb_top_spacing_small bt_bb_bottom_spacing_none\" data-bt-override-class=\"{&quot;bt_bb_top_spacing_&quot;:{&quot;current_class&quot;:&quot;bt_bb_top_spacing_small&quot;,&quot;xxl&quot;:&quot;small&quot;,&quot;xl&quot;:&quot;small&quot;},&quot;bt_bb_bottom_spacing_&quot;:{&quot;current_class&quot;:&quot;bt_bb_bottom_spacing_none&quot;,&quot;xxl&quot;:&quot;none&quot;,&quot;xl&quot;:&quot;none&quot;}}\"><\/div><\/div><\/div><\/div><\/div><\/div><\/div><!-- cell_inner --><\/div><!-- cell --><\/div><!-- port --><\/section><section id=\"bt_bb_section69d388a47ff62\" class=\"bt_bb_section bt_bb_layout_boxed_left_right_1200 bt_bb_vertical_align_top bt_bb_top_spacing_none bt_bb_bottom_spacing_none\"  data-bt-override-class=\"{&quot;bt_bb_top_spacing_&quot;:{&quot;current_class&quot;:&quot;bt_bb_top_spacing_none&quot;,&quot;xxl&quot;:&quot;none&quot;,&quot;xl&quot;:&quot;none&quot;},&quot;bt_bb_bottom_spacing_&quot;:{&quot;current_class&quot;:&quot;bt_bb_bottom_spacing_none&quot;,&quot;xxl&quot;:&quot;none&quot;,&quot;xl&quot;:&quot;none&quot;}}\"><div class=\"bt_bb_port\"><div class=\"bt_bb_cell\"><div class=\"bt_bb_cell_inner\"><div class=\"bt_bb_row \"  data-bt-override-class=\"{}\"><div class=\"bt_bb_row_holder\" ><div  class=\"bt_bb_column col-xxl-12 col-xl-12 col-xs-12 col-sm-12 col-md-12 col-lg-12 bt_bb_vertical_align_top bt_bb_align_center bt_bb_padding_none\" style=\"; --column-width:12;\" data-width=\"12\" data-bt-override-class=\"{&quot;bt_bb_align_&quot;:{&quot;current_class&quot;:&quot;bt_bb_align_center&quot;,&quot;xxl&quot;:&quot;center&quot;,&quot;xl&quot;:&quot;center&quot;},&quot;bt_bb_padding_&quot;:{&quot;current_class&quot;:&quot;bt_bb_padding_none&quot;,&quot;xxl&quot;:&quot;none&quot;,&quot;xl&quot;:&quot;none&quot;}}\"><div class=\"bt_bb_column_content\"><div class=\"bt_bb_column_content_inner\"><div class=\"bt_bb_separator bt_bb_border_style_none bt_bb_top_spacing_small bt_bb_bottom_spacing_none\" data-bt-override-class=\"{&quot;bt_bb_top_spacing_&quot;:{&quot;current_class&quot;:&quot;bt_bb_top_spacing_small&quot;,&quot;xxl&quot;:&quot;small&quot;,&quot;xl&quot;:&quot;small&quot;},&quot;bt_bb_bottom_spacing_&quot;:{&quot;current_class&quot;:&quot;bt_bb_bottom_spacing_none&quot;,&quot;xxl&quot;:&quot;none&quot;,&quot;xl&quot;:&quot;none&quot;}}\"><\/div><div class=\"bt_bb_image bt_bb_shape_square bt_bb_target_blank bt_bb_align_inherit bt_bb_hover_style_simple bt_bb_content_display_always bt_bb_content_align_middle\" data-bt-override-class=\"{&quot;bt_bb_align_&quot;:{&quot;current_class&quot;:&quot;bt_bb_align_inherit&quot;,&quot;xxl&quot;:&quot;inherit&quot;,&quot;xl&quot;:&quot;inherit&quot;}}\"><a href=\"https:\/\/theindustree.ca\/search?page=1&#038;q=HWI\"  target=\"_blank\" title=\"Copy of #HWI (2)\"><img loading=\"lazy\" decoding=\"async\" width=\"768\" height=\"292\" src=\"https:\/\/www.hockeywestisland.org\/wp-content\/uploads\/2022\/10\/Copy-of-HWI-2-768x292.png\" class=\"attachment-medium_large size-medium_large\" alt=\"https:\/\/www.hockeywestisland.org\/wp-content\/uploads\/2022\/10\/Copy-of-HWI-2-768x292.png\" data-full_image_src=\"https:\/\/www.hockeywestisland.org\/wp-content\/uploads\/2022\/10\/Copy-of-HWI-2.png\" title=\"Copy of #HWI (2)\" srcset=\"https:\/\/www.hockeywestisland.org\/wp-content\/uploads\/2022\/10\/Copy-of-HWI-2-768x292.png 768w, https:\/\/www.hockeywestisland.org\/wp-content\/uploads\/2022\/10\/Copy-of-HWI-2-640x244.png 640w, https:\/\/www.hockeywestisland.org\/wp-content\/uploads\/2022\/10\/Copy-of-HWI-2-1280x487.png 1280w, https:\/\/www.hockeywestisland.org\/wp-content\/uploads\/2022\/10\/Copy-of-HWI-2-1536x584.png 1536w, https:\/\/www.hockeywestisland.org\/wp-content\/uploads\/2022\/10\/Copy-of-HWI-2-2048x779.png 2048w, https:\/\/www.hockeywestisland.org\/wp-content\/uploads\/2022\/10\/Copy-of-HWI-2-320x122.png 320w\" sizes=\"auto, (max-width: 768px) 100vw, 768px\" \/><\/a><\/div><div class=\"bt_bb_separator bt_bb_border_style_solid bt_bb_top_spacing_normal bt_bb_bottom_spacing_none\" data-bt-override-class=\"{&quot;bt_bb_top_spacing_&quot;:{&quot;current_class&quot;:&quot;bt_bb_top_spacing_normal&quot;,&quot;xxl&quot;:&quot;normal&quot;,&quot;xl&quot;:&quot;normal&quot;},&quot;bt_bb_bottom_spacing_&quot;:{&quot;current_class&quot;:&quot;bt_bb_bottom_spacing_none&quot;,&quot;xxl&quot;:&quot;none&quot;,&quot;xl&quot;:&quot;none&quot;}}\"><\/div><\/div><\/div><\/div><\/div><\/div><\/div><!-- cell_inner --><\/div><!-- cell --><\/div><!-- port --><\/section><section id=\"bt_bb_section69d388a4811fc\" class=\"bt_bb_section bt_bb_layout_boxed_left_right_1200 bt_bb_vertical_align_top bt_bb_background_overlay_light_solid bt_bb_top_spacing_none bt_bb_bottom_spacing_none\"  data-bt-override-class=\"{&quot;bt_bb_top_spacing_&quot;:{&quot;current_class&quot;:&quot;bt_bb_top_spacing_none&quot;,&quot;xxl&quot;:&quot;none&quot;,&quot;xl&quot;:&quot;none&quot;},&quot;bt_bb_bottom_spacing_&quot;:{&quot;current_class&quot;:&quot;bt_bb_bottom_spacing_none&quot;,&quot;xxl&quot;:&quot;none&quot;,&quot;xl&quot;:&quot;none&quot;}}\"><div class=\"bt_bb_port\"><div class=\"bt_bb_cell\"><div class=\"bt_bb_cell_inner\"><div class=\"bt_bb_row \"  data-bt-override-class=\"{}\"><div class=\"bt_bb_row_holder\" ><div  class=\"bt_bb_column col-xxl-12 col-xl-12 col-xs-12 col-sm-12 col-md-12 col-lg-12 bt_bb_vertical_align_top bt_bb_align_center bt_bb_padding_none\" style=\"; --column-width:12;\" data-width=\"12\" data-bt-override-class=\"{&quot;bt_bb_align_&quot;:{&quot;current_class&quot;:&quot;bt_bb_align_center&quot;,&quot;xxl&quot;:&quot;center&quot;,&quot;xl&quot;:&quot;center&quot;},&quot;bt_bb_padding_&quot;:{&quot;current_class&quot;:&quot;bt_bb_padding_none&quot;,&quot;xxl&quot;:&quot;none&quot;,&quot;xl&quot;:&quot;none&quot;}}\"><div class=\"bt_bb_column_content\"><div class=\"bt_bb_column_content_inner\"><div class=\"bt_bb_separator bt_bb_border_style_none bt_bb_top_spacing_small bt_bb_bottom_spacing_none\" data-bt-override-class=\"{&quot;bt_bb_top_spacing_&quot;:{&quot;current_class&quot;:&quot;bt_bb_top_spacing_small&quot;,&quot;xxl&quot;:&quot;small&quot;,&quot;xl&quot;:&quot;small&quot;},&quot;bt_bb_bottom_spacing_&quot;:{&quot;current_class&quot;:&quot;bt_bb_bottom_spacing_none&quot;,&quot;xxl&quot;:&quot;none&quot;,&quot;xl&quot;:&quot;none&quot;}}\"><\/div><div class=\"bt_bb_image bt_bb_shape_square bt_bb_target_blank bt_bb_align_inherit bt_bb_hover_style_simple bt_bb_content_display_always bt_bb_content_align_middle\" data-bt-override-class=\"{&quot;bt_bb_align_&quot;:{&quot;current_class&quot;:&quot;bt_bb_align_inherit&quot;,&quot;xxl&quot;:&quot;inherit&quot;,&quot;xl&quot;:&quot;inherit&quot;}}\"><a href=\"mailto:patrick.summers@janna.promotions.com\"  target=\"_blank\" title=\"Copy of Copy of Copy of #HWI (5)\"><img loading=\"lazy\" decoding=\"async\" width=\"1200\" height=\"600\" src=\"https:\/\/www.hockeywestisland.org\/wp-content\/uploads\/2022\/10\/Copy-of-Copy-of-Copy-of-HWI-5.png\" class=\"attachment-full size-full\" alt=\"https:\/\/www.hockeywestisland.org\/wp-content\/uploads\/2022\/10\/Copy-of-Copy-of-Copy-of-HWI-5.png\" data-full_image_src=\"https:\/\/www.hockeywestisland.org\/wp-content\/uploads\/2022\/10\/Copy-of-Copy-of-Copy-of-HWI-5.png\" title=\"Copy of Copy of Copy of #HWI (5)\" srcset=\"https:\/\/www.hockeywestisland.org\/wp-content\/uploads\/2022\/10\/Copy-of-Copy-of-Copy-of-HWI-5.png 1200w, https:\/\/www.hockeywestisland.org\/wp-content\/uploads\/2022\/10\/Copy-of-Copy-of-Copy-of-HWI-5-640x320.png 640w, https:\/\/www.hockeywestisland.org\/wp-content\/uploads\/2022\/10\/Copy-of-Copy-of-Copy-of-HWI-5-768x384.png 768w, https:\/\/www.hockeywestisland.org\/wp-content\/uploads\/2022\/10\/Copy-of-Copy-of-Copy-of-HWI-5-320x160.png 320w\" sizes=\"auto, (max-width: 1200px) 100vw, 1200px\" \/><\/a><\/div><div class=\"bt_bb_separator bt_bb_border_style_none bt_bb_top_spacing_normal bt_bb_bottom_spacing_none\" data-bt-override-class=\"{&quot;bt_bb_top_spacing_&quot;:{&quot;current_class&quot;:&quot;bt_bb_top_spacing_normal&quot;,&quot;xxl&quot;:&quot;normal&quot;,&quot;xl&quot;:&quot;normal&quot;},&quot;bt_bb_bottom_spacing_&quot;:{&quot;current_class&quot;:&quot;bt_bb_bottom_spacing_none&quot;,&quot;xxl&quot;:&quot;none&quot;,&quot;xl&quot;:&quot;none&quot;}}\"><\/div><\/div><\/div><\/div><\/div><\/div><\/div><!-- cell_inner --><\/div><!-- cell --><\/div><!-- port --><\/section><section id=\"bt_bb_section69d388a4821dc\" class=\"bt_bb_section bt_bb_layout_boxed_left_right_1200 bt_bb_vertical_align_top bt_bb_background_overlay_light_solid bt_bb_top_spacing_none bt_bb_bottom_spacing_none\"  data-bt-override-class=\"{&quot;bt_bb_top_spacing_&quot;:{&quot;current_class&quot;:&quot;bt_bb_top_spacing_none&quot;,&quot;xxl&quot;:&quot;none&quot;,&quot;xl&quot;:&quot;none&quot;},&quot;bt_bb_bottom_spacing_&quot;:{&quot;current_class&quot;:&quot;bt_bb_bottom_spacing_none&quot;,&quot;xxl&quot;:&quot;none&quot;,&quot;xl&quot;:&quot;none&quot;}}\"><div class=\"bt_bb_port\"><div class=\"bt_bb_cell\"><div class=\"bt_bb_cell_inner\"><div class=\"bt_bb_row \"  data-bt-override-class=\"{}\"><div class=\"bt_bb_row_holder\" ><div  class=\"bt_bb_column col-xxl-12 col-xl-12 col-xs-12 col-sm-12 col-md-12 col-lg-12 bt_bb_vertical_align_top bt_bb_align_center bt_bb_padding_none\" style=\"; --column-width:12;\" data-width=\"12\" data-bt-override-class=\"{&quot;bt_bb_align_&quot;:{&quot;current_class&quot;:&quot;bt_bb_align_center&quot;,&quot;xxl&quot;:&quot;center&quot;,&quot;xl&quot;:&quot;center&quot;},&quot;bt_bb_padding_&quot;:{&quot;current_class&quot;:&quot;bt_bb_padding_none&quot;,&quot;xxl&quot;:&quot;none&quot;,&quot;xl&quot;:&quot;none&quot;}}\"><div class=\"bt_bb_column_content\"><div class=\"bt_bb_column_content_inner\"><div class=\"bt_bb_separator bt_bb_border_style_none bt_bb_top_spacing_small bt_bb_bottom_spacing_none\" data-bt-override-class=\"{&quot;bt_bb_top_spacing_&quot;:{&quot;current_class&quot;:&quot;bt_bb_top_spacing_small&quot;,&quot;xxl&quot;:&quot;small&quot;,&quot;xl&quot;:&quot;small&quot;},&quot;bt_bb_bottom_spacing_&quot;:{&quot;current_class&quot;:&quot;bt_bb_bottom_spacing_none&quot;,&quot;xxl&quot;:&quot;none&quot;,&quot;xl&quot;:&quot;none&quot;}}\"><\/div><div class=\"bt_bb_image bt_bb_shape_square bt_bb_target_blank bt_bb_align_inherit bt_bb_hover_style_simple bt_bb_content_display_always bt_bb_content_align_middle\" data-bt-override-class=\"{&quot;bt_bb_align_&quot;:{&quot;current_class&quot;:&quot;bt_bb_align_inherit&quot;,&quot;xxl&quot;:&quot;inherit&quot;,&quot;xl&quot;:&quot;inherit&quot;}}\"><a href=\"https:\/\/customhockeysticks.ca\/fr\/west-island-hockey\/\"  target=\"_blank\" title=\"Dites #MerciCoach Du 17 au 25 septembre 2022 (5)\"><img loading=\"lazy\" decoding=\"async\" width=\"768\" height=\"292\" src=\"https:\/\/www.hockeywestisland.org\/wp-content\/uploads\/2022\/10\/Dites-MerciCoach-Du-17-au-25-septembre-2022-5-768x292.png\" class=\"attachment-medium_large size-medium_large\" alt=\"https:\/\/www.hockeywestisland.org\/wp-content\/uploads\/2022\/10\/Dites-MerciCoach-Du-17-au-25-septembre-2022-5-768x292.png\" data-full_image_src=\"https:\/\/www.hockeywestisland.org\/wp-content\/uploads\/2022\/10\/Dites-MerciCoach-Du-17-au-25-septembre-2022-5.png\" title=\"Dites #MerciCoach Du 17 au 25 septembre 2022 (5)\" srcset=\"https:\/\/www.hockeywestisland.org\/wp-content\/uploads\/2022\/10\/Dites-MerciCoach-Du-17-au-25-septembre-2022-5-768x292.png 768w, https:\/\/www.hockeywestisland.org\/wp-content\/uploads\/2022\/10\/Dites-MerciCoach-Du-17-au-25-septembre-2022-5-640x244.png 640w, https:\/\/www.hockeywestisland.org\/wp-content\/uploads\/2022\/10\/Dites-MerciCoach-Du-17-au-25-septembre-2022-5-320x122.png 320w, https:\/\/www.hockeywestisland.org\/wp-content\/uploads\/2022\/10\/Dites-MerciCoach-Du-17-au-25-septembre-2022-5.png 1230w\" sizes=\"auto, (max-width: 768px) 100vw, 768px\" \/><\/a><\/div><div class=\"bt_bb_separator bt_bb_border_style_none bt_bb_top_spacing_normal bt_bb_bottom_spacing_none\" data-bt-override-class=\"{&quot;bt_bb_top_spacing_&quot;:{&quot;current_class&quot;:&quot;bt_bb_top_spacing_normal&quot;,&quot;xxl&quot;:&quot;normal&quot;,&quot;xl&quot;:&quot;normal&quot;},&quot;bt_bb_bottom_spacing_&quot;:{&quot;current_class&quot;:&quot;bt_bb_bottom_spacing_none&quot;,&quot;xxl&quot;:&quot;none&quot;,&quot;xl&quot;:&quot;none&quot;}}\"><\/div><\/div><\/div><\/div><\/div><\/div><\/div><!-- cell_inner --><\/div><!-- cell --><\/div><!-- port --><\/section><\/p>\n","protected":false},"excerpt":{"rendered":"","protected":false},"author":7,"featured_media":8417,"parent":0,"menu_order":0,"comment_status":"closed","ping_status":"closed","template":"","meta":{"_monsterinsights_skip_tracking":false,"_monsterinsights_sitenote_active":false,"_monsterinsights_sitenote_note":"","_monsterinsights_sitenote_category":0,"ngg_post_thumbnail":0,"footnotes":""},"class_list":["post-10715","page","type-page","status-publish","has-post-thumbnail","hentry"],"_links":{"self":[{"href":"https:\/\/www.hockeywestisland.org\/fr\/wp-json\/wp\/v2\/pages\/10715","targetHints":{"allow":["GET"]}}],"collection":[{"href":"https:\/\/www.hockeywestisland.org\/fr\/wp-json\/wp\/v2\/pages"}],"about":[{"href":"https:\/\/www.hockeywestisland.org\/fr\/wp-json\/wp\/v2\/types\/page"}],"author":[{"embeddable":true,"href":"https:\/\/www.hockeywestisland.org\/fr\/wp-json\/wp\/v2\/users\/7"}],"replies":[{"embeddable":true,"href":"https:\/\/www.hockeywestisland.org\/fr\/wp-json\/wp\/v2\/comments?post=10715"}],"version-history":[{"count":21,"href":"https:\/\/www.hockeywestisland.org\/fr\/wp-json\/wp\/v2\/pages\/10715\/revisions"}],"predecessor-version":[{"id":14773,"href":"https:\/\/www.hockeywestisland.org\/fr\/wp-json\/wp\/v2\/pages\/10715\/revisions\/14773"}],"wp:featuredmedia":[{"embeddable":true,"href":"https:\/\/www.hockeywestisland.org\/fr\/wp-json\/wp\/v2\/media\/8417"}],"wp:attachment":[{"href":"https:\/\/www.hockeywestisland.org\/fr\/wp-json\/wp\/v2\/media?parent=10715"}],"curies":[{"name":"wp","href":"https:\/\/api.w.org\/{rel}","templated":true}]}}