{"id":11348,"date":"2022-11-11T17:01:33","date_gmt":"2022-11-11T22:01:33","guid":{"rendered":"https:\/\/www.hockeywestisland.org\/?page_id=11348"},"modified":"2022-11-11T17:01:33","modified_gmt":"2022-11-11T22:01:33","slug":"a-propos","status":"publish","type":"page","link":"https:\/\/www.hockeywestisland.org\/fr\/a-propos\/","title":{"rendered":"\u00c0 propos"},"content":{"rendered":"<section id=\"bt_bb_section69de2804a6aeb\" class=\"bt_bb_section bt_bb_color_scheme_2 bt_bb_layout_boxed_1200 bt_bb_vertical_align_top\" style=\"; --section-primary-color:#191919; --section-secondary-color:#ffffff;\" data-bt-override-class=\"null\"><div class=\"bt_bb_port\"><div class=\"bt_bb_cell\"><div class=\"bt_bb_cell_inner\"><div class=\"bt_bb_row \"  data-bt-override-class=\"{}\"><div class=\"bt_bb_row_holder\" ><div  class=\"bt_bb_column col-xxl-6 col-xl-6 bt_bb_vertical_align_middle bt_bb_align_left bt_bb_padding_normal bt_bb_animation_fade_in animate\" style=\"; --column-width:6;\" data-width=\"6\" data-bt-override-class=\"{}\"><div class=\"bt_bb_column_content\"><div class=\"bt_bb_column_content_inner\"><div class=\"bt_bb_image btMoveToEdge bt_bb_shape_square bt_bb_target_self bt_bb_align_inherit bt_bb_hover_style_simple bt_bb_content_display_always bt_bb_content_align_middle\" data-bt-override-class=\"{}\"><span><img fetchpriority=\"high\" decoding=\"async\" width=\"1189\" height=\"737\" src=\"https:\/\/www.hockeywestisland.org\/wp-content\/uploads\/2020\/09\/Screen-Shot-2020-09-02-at-10.46.33-AM.png\" class=\"attachment-full size-full\" alt=\"https:\/\/www.hockeywestisland.org\/wp-content\/uploads\/2020\/09\/Screen-Shot-2020-09-02-at-10.46.33-AM.png\" data-full_image_src=\"https:\/\/www.hockeywestisland.org\/wp-content\/uploads\/2020\/09\/Screen-Shot-2020-09-02-at-10.46.33-AM.png\" title=\"Screen Shot 2020-09-02 at 10.46.33 AM\" loading=\"eager\" srcset=\"https:\/\/www.hockeywestisland.org\/wp-content\/uploads\/2020\/09\/Screen-Shot-2020-09-02-at-10.46.33-AM.png 1189w, https:\/\/www.hockeywestisland.org\/wp-content\/uploads\/2020\/09\/Screen-Shot-2020-09-02-at-10.46.33-AM-640x397.png 640w, https:\/\/www.hockeywestisland.org\/wp-content\/uploads\/2020\/09\/Screen-Shot-2020-09-02-at-10.46.33-AM-768x476.png 768w, https:\/\/www.hockeywestisland.org\/wp-content\/uploads\/2020\/09\/Screen-Shot-2020-09-02-at-10.46.33-AM-320x198.png 320w\" sizes=\"(max-width: 1189px) 100vw, 1189px\" \/><\/span><\/div><\/div><\/div><\/div><div  class=\"bt_bb_column col-xxl-6 col-xl-6 bt_bb_vertical_align_middle bt_bb_align_left bt_bb_padding_normal bt_bb_animation_fade_in animate\" style=\"; --column-width:6;\" data-width=\"6\" data-bt-override-class=\"{}\"><div class=\"bt_bb_column_content\"><div class=\"bt_bb_column_content_inner\"><div class=\"bt_bb_separator bt_bb_border_style_none bt_bb_bottom_spacing_medium\" data-bt-override-class=\"null\"><\/div><header class=\"bt_bb_headline bt_bb_font_weight_light bt_bb_color_scheme_5 bt_bb_dash_none bt_bb_size_large bt_bb_align_inherit\" style=\"; --primary-color:#191919; --secondary-color:#222e64;\" data-bt-override-class=\"{}\"><h2 class=\"bt_bb_headline_tag\"><span class=\"bt_bb_headline_content\"><span><strong>HOCKEY WEST ISLAND<\/strong><br \/><br \/>\n<\/span><\/span><\/h2><\/header><div class=\"bt_bb_separator bt_bb_border_style_none bt_bb_bottom_spacing_small\" data-bt-override-class=\"null\"><\/div><div  class=\"bt_bb_text\" ><\/p>\n<header class=\"bt_bb_headline bt_bb_font_weight_light bt_bb_color_scheme_5 bt_bb_dash_none bt_bb_size_large bt_bb_superheadline bt_bb_subheadline bt_bb_align_inherit\">\n<div class=\"bt_bb_headline_subheadline\">Nous sommes plus de 600 gar\u00e7ons et filles \u00e2g\u00e9s de 4 \u00e0 21 ans, qui aiment jouer au jeu le plus rapide sur glace tout en apprenant de nouvelles comp\u00e9tences, en gardant la forme et en se faisant de nouveaux amis. (En plus de gagner notre part de matchs et de banni\u00e8res!)<\/div>\n<\/header>\n<div class=\"bt_bb_separator bt_bb_bottom_spacing_small bt_bb_border_style_none\">&nbsp;<\/div>\n<div class=\"bt_bb_text\">\n<p>Nous sommes une association de hockey au service des familles de Dorval et de Pointe-Claire. \u00c9tabli en 1990, nous offrons \u00e0 la communaut\u00e9 des programmes de hockey r\u00e9cr\u00e9atifs et comp\u00e9titifs. Hockey West Island est la 4e plus grande association de hockey au Qu\u00e9bec.<\/p>\n<p>Nous sommes toujours \u00e0 la recherche de b\u00e9n\u00e9voles, alors n&rsquo;h\u00e9sitez pas \u00e0 demander \u00e0 votre responsable s&rsquo;il y a des travaux qui n\u00e9cessitent une aide suppl\u00e9mentaire.<\/p>\n<p>Nous jouons aux ar\u00e9nas Bob Birnie, Dorval et Westwood.<\/p>\n<p>Les joueurs et leurs familles sont la raison pour laquelle nous faisons ce que nous faisons. Le hockey devrait \u00eatre pour tout le monde, et si vous voulez jouer\u2026 nous sommes l\u00e0 pour vous.<\/p>\n<p>Plus d&rsquo;informations:<strong><span style=\"color: #ff0000;\">&nbsp;<\/span><\/strong><strong><span style=\"color: #ff0000;\"><a href=\"mailto:hwi-vpadmin@hockeywestisland.org\">hwi-vpadmin@hockeywestisland.org<\/a><\/span><\/strong><\/p>\n<\/div>\n<p>\n<\/div><div class=\"bt_bb_separator bt_bb_border_style_none bt_bb_bottom_spacing_medium\" data-bt-override-class=\"null\"><\/div><\/div><\/div><\/div><\/div><\/div><\/div><!-- cell_inner --><\/div><!-- cell --><\/div><!-- port --><\/section>\n","protected":false},"excerpt":{"rendered":"","protected":false},"author":7,"featured_media":0,"parent":0,"menu_order":0,"comment_status":"closed","ping_status":"closed","template":"","meta":{"_monsterinsights_skip_tracking":false,"_monsterinsights_sitenote_active":false,"_monsterinsights_sitenote_note":"","_monsterinsights_sitenote_category":0,"ngg_post_thumbnail":0,"footnotes":""},"class_list":["post-11348","page","type-page","status-publish","hentry"],"_links":{"self":[{"href":"https:\/\/www.hockeywestisland.org\/fr\/wp-json\/wp\/v2\/pages\/11348","targetHints":{"allow":["GET"]}}],"collection":[{"href":"https:\/\/www.hockeywestisland.org\/fr\/wp-json\/wp\/v2\/pages"}],"about":[{"href":"https:\/\/www.hockeywestisland.org\/fr\/wp-json\/wp\/v2\/types\/page"}],"author":[{"embeddable":true,"href":"https:\/\/www.hockeywestisland.org\/fr\/wp-json\/wp\/v2\/users\/7"}],"replies":[{"embeddable":true,"href":"https:\/\/www.hockeywestisland.org\/fr\/wp-json\/wp\/v2\/comments?post=11348"}],"version-history":[{"count":2,"href":"https:\/\/www.hockeywestisland.org\/fr\/wp-json\/wp\/v2\/pages\/11348\/revisions"}],"predecessor-version":[{"id":11350,"href":"https:\/\/www.hockeywestisland.org\/fr\/wp-json\/wp\/v2\/pages\/11348\/revisions\/11350"}],"wp:attachment":[{"href":"https:\/\/www.hockeywestisland.org\/fr\/wp-json\/wp\/v2\/media?parent=11348"}],"curies":[{"name":"wp","href":"https:\/\/api.w.org\/{rel}","templated":true}]}}