{"id":12558,"date":"2023-09-30T21:02:16","date_gmt":"2023-10-01T01:02:16","guid":{"rendered":"https:\/\/www.hockeywestisland.org\/?page_id=12558"},"modified":"2025-08-24T19:49:26","modified_gmt":"2025-08-24T23:49:26","slug":"12558-2","status":"publish","type":"page","link":"https:\/\/www.hockeywestisland.org\/fr\/12558-2\/","title":{"rendered":"\u00c9quipe technique du HWI"},"content":{"rendered":"<section id=\"bt_bb_section69d63a7f90bd9\" class=\"bt_bb_section bt_bb_layout_boxed_left_right_1200 bt_bb_vertical_align_top bt_bb_background_overlay_light_solid bt_bb_top_spacing_none bt_bb_bottom_spacing_none\" style=\";background-color:rgb(255,255,255);\" data-bt-override-class=\"{&quot;bt_bb_top_spacing_&quot;:{&quot;current_class&quot;:&quot;bt_bb_top_spacing_none&quot;,&quot;xxl&quot;:&quot;none&quot;,&quot;xl&quot;:&quot;none&quot;},&quot;bt_bb_bottom_spacing_&quot;:{&quot;current_class&quot;:&quot;bt_bb_bottom_spacing_none&quot;,&quot;xxl&quot;:&quot;none&quot;,&quot;xl&quot;:&quot;none&quot;}}\"><div class=\"bt_bb_port\"><div class=\"bt_bb_cell\"><div class=\"bt_bb_cell_inner\"><div class=\"bt_bb_row \"  data-bt-override-class=\"{}\"><div class=\"bt_bb_row_holder\" ><div  class=\"bt_bb_column col-xxl-12 col-xl-12 col-xs-12 col-sm-12 col-md-12 col-lg-12 bt_bb_vertical_align_top bt_bb_align_left bt_bb_padding_normal\" style=\"; --column-width:12;\" data-width=\"12\" data-bt-override-class=\"{}\"><div class=\"bt_bb_column_content\"><div class=\"bt_bb_column_content_inner\"><div class=\"bt_bb_separator bt_bb_border_style_none bt_bb_top_spacing_small bt_bb_bottom_spacing_small\" data-bt-override-class=\"{&quot;bt_bb_top_spacing_&quot;:{&quot;current_class&quot;:&quot;bt_bb_top_spacing_small&quot;,&quot;xxl&quot;:&quot;small&quot;,&quot;xl&quot;:&quot;small&quot;},&quot;bt_bb_bottom_spacing_&quot;:{&quot;current_class&quot;:&quot;bt_bb_bottom_spacing_small&quot;,&quot;xxl&quot;:&quot;small&quot;,&quot;xl&quot;:&quot;small&quot;}}\"><\/div><div class=\"bt_bb_image bt_bb_shape_square bt_bb_target_self bt_bb_align_inherit bt_bb_hover_style_simple bt_bb_content_display_always bt_bb_content_align_middle\" data-bt-override-class=\"{&quot;bt_bb_align_&quot;:{&quot;current_class&quot;:&quot;bt_bb_align_inherit&quot;,&quot;xxl&quot;:&quot;inherit&quot;,&quot;xl&quot;:&quot;inherit&quot;}}\"><span><img loading=\"lazy\" decoding=\"async\" width=\"310\" height=\"308\" src=\"https:\/\/www.hockeywestisland.org\/wp-content\/uploads\/2023\/09\/Screen-Shot-2023-09-29-at-7.46.33-PM.png\" class=\"attachment-boldthemes_medium_square size-boldthemes_medium_square\" alt=\"https:\/\/www.hockeywestisland.org\/wp-content\/uploads\/2023\/09\/Screen-Shot-2023-09-29-at-7.46.33-PM.png\" data-full_image_src=\"https:\/\/www.hockeywestisland.org\/wp-content\/uploads\/2023\/09\/Screen-Shot-2023-09-29-at-7.46.33-PM.png\" title=\"Screen Shot 2023-09-29 at 7.46.33 PM\" srcset=\"https:\/\/www.hockeywestisland.org\/wp-content\/uploads\/2023\/09\/Screen-Shot-2023-09-29-at-7.46.33-PM.png 310w, https:\/\/www.hockeywestisland.org\/wp-content\/uploads\/2023\/09\/Screen-Shot-2023-09-29-at-7.46.33-PM-160x160.png 160w\" sizes=\"auto, (max-width: 310px) 100vw, 310px\" \/><\/span><\/div><div class=\"bt_bb_separator bt_bb_border_style_none bt_bb_top_spacing_small bt_bb_bottom_spacing_small\" data-bt-override-class=\"{&quot;bt_bb_top_spacing_&quot;:{&quot;current_class&quot;:&quot;bt_bb_top_spacing_small&quot;,&quot;xxl&quot;:&quot;small&quot;,&quot;xl&quot;:&quot;small&quot;},&quot;bt_bb_bottom_spacing_&quot;:{&quot;current_class&quot;:&quot;bt_bb_bottom_spacing_small&quot;,&quot;xxl&quot;:&quot;small&quot;,&quot;xl&quot;:&quot;small&quot;}}\"><\/div><div  class=\"bt_bb_text\" ><\/p>\n<div class=\"x11i5rnm xat24cr x1mh8g0r x1vvkbs xtlvy1s x126k92a\">\n<div dir=\"auto\">\n<p>Hockey West Island (HWI) est heureuse d\u2019accueillir&nbsp;<strong>400 feet hockey<\/strong>&nbsp;comme nouvelle \u00e9quipe technique pour la saison 2023-2024. Dirig\u00e9e par <strong>Marc Andr\u00e9 El\u00e9ment<\/strong>, entra\u00eeneur-chef du programme de hockey masculin de l\u2019Universit\u00e9 Concordia depuis huit ans et entra\u00eeneur certifi\u00e9 de haute performance de Hockey Canada, l\u2019\u00e9quipe poss\u00e8de une vaste exp\u00e9rience en entra\u00eenement, qu\u2019il s\u2019agisse de travailler avec d\u2019anciens professionnels ou avec des participants du hockey mineur. Avec de solides comp\u00e9tences en communication et des ant\u00e9c\u00e9dents en d\u00e9veloppement des joueurs, l\u2019\u00e9quipe poss\u00e8de une richesse d\u2019exp\u00e9rience et de connaissances en d\u00e9veloppement des jeunes et s\u2019engage \u00e0 cr\u00e9er une atmosph\u00e8re positive et enrichissante tout en cultivant les habilet\u00e9s des joueurs, une mentalit\u00e9 d\u2019\u00e9quipe, et l\u2019amour du jeu.<\/p>\n<hr>\n<p>Les personnes suivantes travailleront avec El\u00e9ment:<\/p>\n<p><strong>PATRICK DROLET<\/strong> &#8211; Entra\u00eeneur adjoint du programme de hockey masculin de l\u2019Universit\u00e9 Concordia et certifi\u00e9 Haute Performance Hockey Canada.<\/p>\n<\/div>\n<\/div>\n<div class=\"x11i5rnm xat24cr x1mh8g0r x1vvkbs xtlvy1s x126k92a\">\n<div dir=\"auto\">\n<div class=\"x11i5rnm xat24cr x1mh8g0r x1vvkbs xtlvy1s x126k92a\">\n<div dir=\"auto\">\n<div class=\"x11i5rnm xat24cr x1mh8g0r x1vvkbs xtlvy1s x126k92a\">\n<div dir=\"auto\">\n<p data-start=\"142\" data-end=\"426\"><strong>HUGO VINCENT<\/strong> &#8211; Entra\u00eeneur-chef du programme de hockey masculin de division 2 de l\u2019Universit\u00e9 Concordia, certifi\u00e9 Haute Performance Hockey Canada, directeur du personnel d\u2019arbitrage \u00e9lite de Hockey Lac St-Louis et entra\u00eeneur adjoint du Coll\u00e8ge Fran\u00e7ais Junior AAA (2021-2022).<\/p>\n<p data-start=\"428\" data-end=\"763\"><strong>JESSE GOODSELL<\/strong> &#8211; Certifi\u00e9 Haute Performance Hockey Canada, entra\u00eeneur priv\u00e9 en d\u00e9veloppement des habilet\u00e9s, ancien d\u00e9fenseur de l\u2019Universit\u00e9 Concordia, exp\u00e9rience LHJMQ et professionnelle en Europe, et ancien entra\u00eeneur adjoint du programme de hockey masculin de l\u2019Universit\u00e9 Concordia (2015 \u00e0 2020).<\/p>\n<p data-start=\"765\" data-end=\"1036\"><strong>JAGUAR LAWRENCE<\/strong> &#8211; Un entra\u00eeneur de hockey avec une solide exp\u00e9rience en d\u00e9veloppement des joueurs, en technique de patinage et en jeux sur espace restreint, acquise gr\u00e2ce \u00e0 son implication dans divers programmes de jeunes et \u00e0 des niveaux comp\u00e9titifs.<\/p>\n<p data-start=\"1038\" data-end=\"1297\"><strong>GIOVANNI CARISTO<\/strong> &#8211; Giovanni poss\u00e8de une vaste exp\u00e9rience dans le d\u00e9veloppement du hockey mineur \u00e0 Montr\u00e9al. Il a entra\u00een\u00e9 \u00e0 Loyola High School, \u00e0 Laval Academy et avec les Amazones Laval-Montr\u00e9al M18 AAA (F), ainsi qu\u2019avec les Nationals de Montr\u00e9al M15 AAA.<\/p>\n<p data-start=\"1299\" data-end=\"1683\"><strong>ANDREW MILLER<\/strong> &#8211; Reconnu pour son sens strat\u00e9gique et son engagement envers le d\u00e9veloppement des jeunes athl\u00e8tes. Entra\u00eeneur de longue date avec HWI et entra\u00eeneur-chef des \u00e9quipes M15 et M18 de l\u2019\u00e9cole secondaire St. Thomas, il allie une compr\u00e9hension approfondie du jeu \u00e0 une approche ax\u00e9e sur les joueurs, favorisant les habilet\u00e9s, la discipline et le leadership sur et hors glace.<\/p>\n<p data-start=\"1685\" data-end=\"1970\"><strong>ILIA EJOV<\/strong> (entra\u00eeneur des gardiens), est un gardien de but n\u00e9 en Russie qui a amorc\u00e9 sa carri\u00e8re dans la LHJMQ avec les Fog Devils de St. John\u2019s avant de jouer pendant quatorze ans dans la KHL, o\u00f9 il a \u00e9volu\u00e9 pour des \u00e9quipes telles que le SKA Saint-P\u00e9tersbourg et le Lada Togliatti.<\/p>\n<\/div>\n<\/div>\n<\/div>\n<\/div>\n<\/div>\n<\/div>\n<div class=\"x11i5rnm xat24cr x1mh8g0r x1vvkbs xtlvy1s x126k92a\">\n<div dir=\"auto\">\u00ab&nbsp;Nous sommes d\u00e9termin\u00e9s \u00e0 voir HWI grandir et prosp\u00e9rer. Notre collaboration avec les entra\u00eeneurs, les b\u00e9n\u00e9voles, et l\u2019association sera une priorit\u00e9 pour la r\u00e9ussite de ce partenariat. Ayant trois enfants, dont deux sont d\u00e9j\u00e0 inscrits \u00e0 HWI, je veux vraiment ce qu\u2019il y a de mieux pour cette organisation,&nbsp;\u00bb a d\u00e9clar\u00e9 El\u00e9ment.<\/div>\n<div dir=\"auto\">&nbsp;<\/div>\n<\/div>\n<div class=\"x11i5rnm xat24cr x1mh8g0r x1vvkbs xtlvy1s x126k92a\">\n<div dir=\"auto\">Hockey West Island est convaincue que l\u2019expertise et la passion de notre nouvelle \u00e9quipe technique pour le d\u00e9veloppement des joueurs cr\u00e9eront un environnement inspirant et prosp\u00e8re pour nos jeunes athl\u00e8tes.<\/div>\n<div dir=\"auto\">&nbsp;<\/div>\n<\/div>\n<div class=\"x11i5rnm xat24cr x1mh8g0r x1vvkbs xtlvy1s x126k92a\">\n<div dir=\"auto\">\u2013 l\u2019ex\u00e9cutif de&nbsp;<a class=\"x1i10hfl xjbqb8w x6umtig x1b1mbwd xaqea5y xav7gou x9f619 x1ypdohk xt0psk2 xe8uvvx xdj266r x11i5rnm xat24cr x1mh8g0r xexx8yu x4uap5 x18d9i69 xkhd6sd x16tdsg8 x1hl2dhg xggy1nq x1a2a7pz xt0b8zv x1qq9wsj xo1l8bm\" tabindex=\"0\" role=\"link\" href=\"https:\/\/www.facebook.com\/HockeyWestIsland?__cft__&#091;0&#093;=AZWh88BnuHAu1NFOA-SWymX9x69XwKtFsw5pDf5Z_W_dy3mDUwSyHekomE7UGEcIYPH7GHrAfP1gITEjZzayCV8I24luImDNTrZiXGJrvxA4YKfEM7ng_KayELdHx3zs_kF2SN-s_uonm-lTK3er7BeY2_B5YwvbK_dyRiGsQ6XQ3WKlPSp0wy2_RjpxWiw_UNI&amp;__tn__=-&#093;K-R\"><span class=\"xt0psk2\">Hockey West Island<\/span><\/a><\/div>\n<\/div>\n<p>\n<\/div><\/div><\/div><\/div><\/div><\/div><\/div><!-- cell_inner --><\/div><!-- cell --><\/div><!-- port --><\/section>\n","protected":false},"excerpt":{"rendered":"","protected":false},"author":7,"featured_media":0,"parent":0,"menu_order":0,"comment_status":"closed","ping_status":"closed","template":"","meta":{"_monsterinsights_skip_tracking":false,"_monsterinsights_sitenote_active":false,"_monsterinsights_sitenote_note":"","_monsterinsights_sitenote_category":0,"ngg_post_thumbnail":0,"footnotes":""},"class_list":["post-12558","page","type-page","status-publish","hentry"],"_links":{"self":[{"href":"https:\/\/www.hockeywestisland.org\/fr\/wp-json\/wp\/v2\/pages\/12558","targetHints":{"allow":["GET"]}}],"collection":[{"href":"https:\/\/www.hockeywestisland.org\/fr\/wp-json\/wp\/v2\/pages"}],"about":[{"href":"https:\/\/www.hockeywestisland.org\/fr\/wp-json\/wp\/v2\/types\/page"}],"author":[{"embeddable":true,"href":"https:\/\/www.hockeywestisland.org\/fr\/wp-json\/wp\/v2\/users\/7"}],"replies":[{"embeddable":true,"href":"https:\/\/www.hockeywestisland.org\/fr\/wp-json\/wp\/v2\/comments?post=12558"}],"version-history":[{"count":5,"href":"https:\/\/www.hockeywestisland.org\/fr\/wp-json\/wp\/v2\/pages\/12558\/revisions"}],"predecessor-version":[{"id":15915,"href":"https:\/\/www.hockeywestisland.org\/fr\/wp-json\/wp\/v2\/pages\/12558\/revisions\/15915"}],"wp:attachment":[{"href":"https:\/\/www.hockeywestisland.org\/fr\/wp-json\/wp\/v2\/media?parent=12558"}],"curies":[{"name":"wp","href":"https:\/\/api.w.org\/{rel}","templated":true}]}}