{"id":12569,"date":"2023-10-02T10:25:53","date_gmt":"2023-10-02T14:25:53","guid":{"rendered":"https:\/\/www.hockeywestisland.org\/?page_id=12569"},"modified":"2026-01-01T17:18:51","modified_gmt":"2026-01-01T22:18:51","slug":"cliniques-2025-2026","status":"publish","type":"page","link":"https:\/\/www.hockeywestisland.org\/fr\/cliniques-2025-2026\/","title":{"rendered":"Cliniques 2025-2026"},"content":{"rendered":"<p><section data-bb-version=\"5.3.4\" id=\"bt_bb_section69d8b90a19748\" class=\"bt_bb_section bt_bb_layout_boxed_left_right_1200 bt_bb_vertical_align_top bt_bb_top_spacing_none bt_bb_bottom_spacing_none\" style=\";background-color:rgb(247,247,247);\" data-bt-override-class=\"{&quot;bt_bb_top_spacing_&quot;:{&quot;current_class&quot;:&quot;bt_bb_top_spacing_none&quot;,&quot;xxl&quot;:&quot;none&quot;},&quot;bt_bb_bottom_spacing_&quot;:{&quot;current_class&quot;:&quot;bt_bb_bottom_spacing_none&quot;,&quot;xxl&quot;:&quot;none&quot;},&quot;bt_bb_animation_&quot;:{&quot;current_class&quot;:&quot;bt_bb_animation_no_animation&quot;,&quot;xxl&quot;:&quot;no_animation&quot;}}\"><div class=\"bt_bb_port\"><div class=\"bt_bb_cell\"><div class=\"bt_bb_cell_inner\"><div class=\"bt_bb_row \"  data-bt-override-class=\"{}\"><div class=\"bt_bb_row_holder\" ><div data-bb-version=\"5.3.4\"  class=\"bt_bb_column col-xxl-12 col-xl-12 col-xs-12 col-sm-12 col-md-12 col-lg-12 bt_bb_vertical_align_top bt_bb_align_center bt_bb_padding_none\" style=\"; --column-width:12;\" data-width=\"12\" data-bt-override-class=\"{&quot;bt_bb_align_&quot;:{&quot;current_class&quot;:&quot;bt_bb_align_center&quot;,&quot;xxl&quot;:&quot;center&quot;},&quot;bt_bb_padding_&quot;:{&quot;current_class&quot;:&quot;bt_bb_padding_none&quot;,&quot;xxl&quot;:&quot;none&quot;},&quot;bt_bb_animation_&quot;:{&quot;current_class&quot;:&quot;bt_bb_animation_no_animation&quot;,&quot;xxl&quot;:&quot;no_animation&quot;}}\"><div class=\"bt_bb_column_content\"><div class=\"bt_bb_column_content_inner\"><div data-bb-version=\"5.0.1\" class=\"bt_bb_separator bt_bb_border_style_none bt_bb_top_spacing_normal bt_bb_bottom_spacing_normal\" data-bt-override-class=\"{&quot;bt_bb_top_spacing_&quot;:{&quot;current_class&quot;:&quot;bt_bb_top_spacing_normal&quot;,&quot;xxl&quot;:&quot;normal&quot;},&quot;bt_bb_bottom_spacing_&quot;:{&quot;current_class&quot;:&quot;bt_bb_bottom_spacing_normal&quot;,&quot;xxl&quot;:&quot;normal&quot;}}\"><\/div><div data-bb-version=\"5.3.4\" class=\"bt_bb_image bt_bb_shape_square bt_bb_target_blank bt_bb_align_inherit bt_bb_hover_style_simple bt_bb_content_display_always bt_bb_content_align_middle\" data-bt-override-class=\"{&quot;bt_bb_align_&quot;:{&quot;current_class&quot;:&quot;bt_bb_align_inherit&quot;,&quot;xxl&quot;:&quot;inherit&quot;},&quot;bt_bb_content_display_&quot;:{&quot;current_class&quot;:&quot;bt_bb_content_display_always&quot;,&quot;xxl&quot;:&quot;always&quot;},&quot;bt_bb_animation_&quot;:{&quot;current_class&quot;:&quot;bt_bb_animation_no_animation&quot;,&quot;xxl&quot;:&quot;no_animation&quot;}}\"><a href=\"https:\/\/page.spordle.com\/ahm-west-island\/register\/1f047273-1fec-66f8-a0ce-06ec3eeea2d1\"  target=\"_blank\" title=\"Screen Shot 2026-01-01 at 5.10.58 PM\"><img loading=\"lazy\" decoding=\"async\" width=\"768\" height=\"987\" src=\"https:\/\/www.hockeywestisland.org\/wp-content\/uploads\/2026\/01\/Screen-Shot-2026-01-01-at-5.10.58-PM.png\" class=\"attachment-medium_large size-medium_large\" alt=\"https:\/\/www.hockeywestisland.org\/wp-content\/uploads\/2026\/01\/Screen-Shot-2026-01-01-at-5.10.58-PM.png\" data-full_image_src=\"https:\/\/www.hockeywestisland.org\/wp-content\/uploads\/2026\/01\/Screen-Shot-2026-01-01-at-5.10.58-PM.png\" title=\"Screen Shot 2026-01-01 at 5.10.58 PM\" srcset=\"https:\/\/www.hockeywestisland.org\/wp-content\/uploads\/2026\/01\/Screen-Shot-2026-01-01-at-5.10.58-PM.png 1010w, https:\/\/www.hockeywestisland.org\/wp-content\/uploads\/2026\/01\/Screen-Shot-2026-01-01-at-5.10.58-PM-640x822.png 640w\" sizes=\"auto, (max-width: 768px) 100vw, 768px\" \/><\/a><\/div><div data-bb-version=\"5.3.4\" class=\"bt_bb_separator bt_bb_border_style_none bt_bb_top_spacing_none bt_bb_bottom_spacing_normal\" data-bt-override-class=\"{&quot;bt_bb_top_spacing_&quot;:{&quot;current_class&quot;:&quot;bt_bb_top_spacing_none&quot;,&quot;xxl&quot;:&quot;none&quot;},&quot;bt_bb_bottom_spacing_&quot;:{&quot;current_class&quot;:&quot;bt_bb_bottom_spacing_normal&quot;,&quot;xxl&quot;:&quot;normal&quot;}}\"><\/div><\/div><\/div><\/div><\/div><\/div><\/div><!-- cell_inner --><\/div><!-- cell --><\/div><!-- port --><\/section><section data-bb-version=\"5.3.4\" id=\"bt_bb_section69d8b90a19ef6\" class=\"bt_bb_section bt_bb_layout_boxed_left_right_1200 bt_bb_vertical_align_top bt_bb_top_spacing_none bt_bb_bottom_spacing_none\" style=\";background-color:rgb(247,247,247);\" data-bt-override-class=\"{&quot;bt_bb_top_spacing_&quot;:{&quot;current_class&quot;:&quot;bt_bb_top_spacing_none&quot;,&quot;xxl&quot;:&quot;none&quot;},&quot;bt_bb_bottom_spacing_&quot;:{&quot;current_class&quot;:&quot;bt_bb_bottom_spacing_none&quot;,&quot;xxl&quot;:&quot;none&quot;},&quot;bt_bb_animation_&quot;:{&quot;current_class&quot;:&quot;bt_bb_animation_no_animation&quot;,&quot;xxl&quot;:&quot;no_animation&quot;}}\"><div class=\"bt_bb_port\"><div class=\"bt_bb_cell\"><div class=\"bt_bb_cell_inner\"><div class=\"bt_bb_row \"  data-bt-override-class=\"{}\"><div class=\"bt_bb_row_holder\" ><div data-bb-version=\"5.3.4\"  class=\"bt_bb_column col-xxl-6 col-xl-6 col-xs-12 col-sm-6 col-md-6 col-lg-6 bt_bb_vertical_align_top bt_bb_align_center bt_bb_padding_none\" style=\"; --column-width:6;\" data-width=\"6\" data-bt-override-class=\"{&quot;bt_bb_align_&quot;:{&quot;current_class&quot;:&quot;bt_bb_align_center&quot;,&quot;xxl&quot;:&quot;center&quot;},&quot;bt_bb_padding_&quot;:{&quot;current_class&quot;:&quot;bt_bb_padding_none&quot;,&quot;xxl&quot;:&quot;none&quot;},&quot;bt_bb_animation_&quot;:{&quot;current_class&quot;:&quot;bt_bb_animation_no_animation&quot;,&quot;xxl&quot;:&quot;no_animation&quot;}}\"><div class=\"bt_bb_column_content\"><div class=\"bt_bb_column_content_inner\"><div data-bb-version=\"5.0.1\" class=\"bt_bb_separator bt_bb_border_style_none bt_bb_top_spacing_normal bt_bb_bottom_spacing_normal\" data-bt-override-class=\"{&quot;bt_bb_top_spacing_&quot;:{&quot;current_class&quot;:&quot;bt_bb_top_spacing_normal&quot;,&quot;xxl&quot;:&quot;normal&quot;},&quot;bt_bb_bottom_spacing_&quot;:{&quot;current_class&quot;:&quot;bt_bb_bottom_spacing_normal&quot;,&quot;xxl&quot;:&quot;normal&quot;}}\"><\/div><div data-bb-version=\"5.3.4\" class=\"bt_bb_image bt_bb_shape_square bt_bb_target_blank bt_bb_align_inherit bt_bb_hover_style_simple bt_bb_content_display_always bt_bb_content_align_middle\" data-bt-override-class=\"{&quot;bt_bb_align_&quot;:{&quot;current_class&quot;:&quot;bt_bb_align_inherit&quot;,&quot;xxl&quot;:&quot;inherit&quot;},&quot;bt_bb_content_display_&quot;:{&quot;current_class&quot;:&quot;bt_bb_content_display_always&quot;,&quot;xxl&quot;:&quot;always&quot;},&quot;bt_bb_animation_&quot;:{&quot;current_class&quot;:&quot;bt_bb_animation_no_animation&quot;,&quot;xxl&quot;:&quot;no_animation&quot;}}\"><a href=\"https:\/\/www.instagram.com\/iliaejovgoaliedevelopment\/?hl=en\"  target=\"_blank\" title=\"Goalie Clinics 1 & 2\"><img loading=\"lazy\" decoding=\"async\" width=\"768\" height=\"644\" src=\"https:\/\/www.hockeywestisland.org\/wp-content\/uploads\/2025\/10\/Goalie-Clinics-1-2-768x644.png\" class=\"attachment-medium_large size-medium_large\" alt=\"https:\/\/www.hockeywestisland.org\/wp-content\/uploads\/2025\/10\/Goalie-Clinics-1-2-768x644.png\" data-full_image_src=\"https:\/\/www.hockeywestisland.org\/wp-content\/uploads\/2025\/10\/Goalie-Clinics-1-2.png\" title=\"Goalie Clinics 1 &amp; 2\" srcset=\"https:\/\/www.hockeywestisland.org\/wp-content\/uploads\/2025\/10\/Goalie-Clinics-1-2-768x644.png 768w, https:\/\/www.hockeywestisland.org\/wp-content\/uploads\/2025\/10\/Goalie-Clinics-1-2-640x537.png 640w, https:\/\/www.hockeywestisland.org\/wp-content\/uploads\/2025\/10\/Goalie-Clinics-1-2-1280x1073.png 1280w, https:\/\/www.hockeywestisland.org\/wp-content\/uploads\/2025\/10\/Goalie-Clinics-1-2-1536x1288.png 1536w, https:\/\/www.hockeywestisland.org\/wp-content\/uploads\/2025\/10\/Goalie-Clinics-1-2-320x268.png 320w, https:\/\/www.hockeywestisland.org\/wp-content\/uploads\/2025\/10\/Goalie-Clinics-1-2.png 1645w\" sizes=\"auto, (max-width: 768px) 100vw, 768px\" \/><\/a><\/div><div data-bb-version=\"5.3.4\" class=\"bt_bb_separator bt_bb_border_style_none bt_bb_top_spacing_none bt_bb_bottom_spacing_normal\" data-bt-override-class=\"{&quot;bt_bb_top_spacing_&quot;:{&quot;current_class&quot;:&quot;bt_bb_top_spacing_none&quot;,&quot;xxl&quot;:&quot;none&quot;},&quot;bt_bb_bottom_spacing_&quot;:{&quot;current_class&quot;:&quot;bt_bb_bottom_spacing_normal&quot;,&quot;xxl&quot;:&quot;normal&quot;}}\"><\/div><\/div><\/div><\/div><div data-bb-version=\"5.3.4\"  class=\"bt_bb_column col-xxl-6 col-xl-6 col-xs-12 col-sm-6 col-md-6 col-lg-6 bt_bb_vertical_align_top bt_bb_align_center bt_bb_padding_none\" style=\"; --column-width:6;\" data-width=\"6\" data-bt-override-class=\"{&quot;bt_bb_align_&quot;:{&quot;current_class&quot;:&quot;bt_bb_align_center&quot;,&quot;xxl&quot;:&quot;center&quot;},&quot;bt_bb_padding_&quot;:{&quot;current_class&quot;:&quot;bt_bb_padding_none&quot;,&quot;xxl&quot;:&quot;none&quot;},&quot;bt_bb_animation_&quot;:{&quot;current_class&quot;:&quot;bt_bb_animation_no_animation&quot;,&quot;xxl&quot;:&quot;no_animation&quot;}}\"><div class=\"bt_bb_column_content\"><div class=\"bt_bb_column_content_inner\"><div data-bb-version=\"5.0.1\" class=\"bt_bb_separator bt_bb_border_style_none bt_bb_top_spacing_normal bt_bb_bottom_spacing_normal\" data-bt-override-class=\"{&quot;bt_bb_top_spacing_&quot;:{&quot;current_class&quot;:&quot;bt_bb_top_spacing_normal&quot;,&quot;xxl&quot;:&quot;normal&quot;},&quot;bt_bb_bottom_spacing_&quot;:{&quot;current_class&quot;:&quot;bt_bb_bottom_spacing_normal&quot;,&quot;xxl&quot;:&quot;normal&quot;}}\"><\/div><div data-bb-version=\"5.3.4\" class=\"bt_bb_image bt_bb_shape_square bt_bb_target_blank bt_bb_align_inherit bt_bb_hover_style_simple bt_bb_content_display_always bt_bb_content_align_middle\" data-bt-override-class=\"{&quot;bt_bb_align_&quot;:{&quot;current_class&quot;:&quot;bt_bb_align_inherit&quot;,&quot;xxl&quot;:&quot;inherit&quot;},&quot;bt_bb_content_display_&quot;:{&quot;current_class&quot;:&quot;bt_bb_content_display_always&quot;,&quot;xxl&quot;:&quot;always&quot;},&quot;bt_bb_animation_&quot;:{&quot;current_class&quot;:&quot;bt_bb_animation_no_animation&quot;,&quot;xxl&quot;:&quot;no_animation&quot;}}\"><a href=\"https:\/\/www.instagram.com\/iliaejovgoaliedevelopment\/?hl=en\"  target=\"_blank\" title=\"Goalie Clinics 1 & 2 (1)\"><img loading=\"lazy\" decoding=\"async\" width=\"768\" height=\"644\" src=\"https:\/\/www.hockeywestisland.org\/wp-content\/uploads\/2025\/10\/Goalie-Clinics-1-2-1-768x644.png\" class=\"attachment-medium_large size-medium_large\" alt=\"https:\/\/www.hockeywestisland.org\/wp-content\/uploads\/2025\/10\/Goalie-Clinics-1-2-1-768x644.png\" data-full_image_src=\"https:\/\/www.hockeywestisland.org\/wp-content\/uploads\/2025\/10\/Goalie-Clinics-1-2-1.png\" title=\"Goalie Clinics 1 &amp; 2 (1)\" srcset=\"https:\/\/www.hockeywestisland.org\/wp-content\/uploads\/2025\/10\/Goalie-Clinics-1-2-1-768x644.png 768w, https:\/\/www.hockeywestisland.org\/wp-content\/uploads\/2025\/10\/Goalie-Clinics-1-2-1-640x537.png 640w, https:\/\/www.hockeywestisland.org\/wp-content\/uploads\/2025\/10\/Goalie-Clinics-1-2-1-1280x1073.png 1280w, https:\/\/www.hockeywestisland.org\/wp-content\/uploads\/2025\/10\/Goalie-Clinics-1-2-1-1536x1288.png 1536w, https:\/\/www.hockeywestisland.org\/wp-content\/uploads\/2025\/10\/Goalie-Clinics-1-2-1-320x268.png 320w, https:\/\/www.hockeywestisland.org\/wp-content\/uploads\/2025\/10\/Goalie-Clinics-1-2-1.png 1645w\" sizes=\"auto, (max-width: 768px) 100vw, 768px\" \/><\/a><\/div><div data-bb-version=\"5.3.4\" class=\"bt_bb_separator bt_bb_border_style_none bt_bb_top_spacing_none bt_bb_bottom_spacing_normal\" data-bt-override-class=\"{&quot;bt_bb_top_spacing_&quot;:{&quot;current_class&quot;:&quot;bt_bb_top_spacing_none&quot;,&quot;xxl&quot;:&quot;none&quot;},&quot;bt_bb_bottom_spacing_&quot;:{&quot;current_class&quot;:&quot;bt_bb_bottom_spacing_normal&quot;,&quot;xxl&quot;:&quot;normal&quot;}}\"><\/div><\/div><\/div><\/div><\/div><\/div><\/div><!-- cell_inner --><\/div><!-- cell --><\/div><!-- port --><\/section><section data-bb-version=\"5.3.4\" id=\"bt_bb_section69d8b90a1b316\" class=\"bt_bb_section bt_bb_layout_boxed_1200 bt_bb_vertical_align_top bt_bb_top_spacing_none bt_bb_bottom_spacing_none\" style=\";background-color:rgb(247,247,247);\" data-bt-override-class=\"{&quot;bt_bb_top_spacing_&quot;:{&quot;current_class&quot;:&quot;bt_bb_top_spacing_none&quot;,&quot;xxl&quot;:&quot;none&quot;},&quot;bt_bb_bottom_spacing_&quot;:{&quot;current_class&quot;:&quot;bt_bb_bottom_spacing_none&quot;,&quot;xxl&quot;:&quot;none&quot;},&quot;bt_bb_animation_&quot;:{&quot;current_class&quot;:&quot;bt_bb_animation_no_animation&quot;,&quot;xxl&quot;:&quot;no_animation&quot;}}\"><div class=\"bt_bb_port\"><div class=\"bt_bb_cell\"><div class=\"bt_bb_cell_inner\"><div class=\"bt_bb_row \"  data-bt-override-class=\"{}\"><div class=\"bt_bb_row_holder\" ><div data-bb-version=\"5.2.2\"  class=\"bt_bb_column col-xxl-12 col-xl-12 col-xs-12 col-sm-12 col-md-12 col-lg-12 bt_bb_vertical_align_top bt_bb_align_center bt_bb_padding_none\" style=\"; --column-width:12;\" data-width=\"12\" data-bt-override-class=\"{&quot;bt_bb_align_&quot;:{&quot;current_class&quot;:&quot;bt_bb_align_center&quot;,&quot;xxl&quot;:&quot;center&quot;},&quot;bt_bb_padding_&quot;:{&quot;current_class&quot;:&quot;bt_bb_padding_none&quot;,&quot;xxl&quot;:&quot;none&quot;}}\"><div class=\"bt_bb_column_content\"><div class=\"bt_bb_column_content_inner\"><div data-bb-version=\"5.0.1\" class=\"bt_bb_separator bt_bb_border_style_none bt_bb_top_spacing_normal bt_bb_bottom_spacing_normal\" data-bt-override-class=\"{&quot;bt_bb_top_spacing_&quot;:{&quot;current_class&quot;:&quot;bt_bb_top_spacing_normal&quot;,&quot;xxl&quot;:&quot;normal&quot;},&quot;bt_bb_bottom_spacing_&quot;:{&quot;current_class&quot;:&quot;bt_bb_bottom_spacing_normal&quot;,&quot;xxl&quot;:&quot;normal&quot;}}\"><\/div><div data-bb-version=\"5.3.4\"  class=\"bt_bb_text\" ><\/p>\n<h5 data-start=\"92\" data-end=\"139\"><span style=\"color: #ff0000;\"><strong data-start=\"92\" data-end=\"109\">VEUILLEZ LIRE<\/strong><\/span><br data-start=\"109\" data-end=\"112\"><strong data-start=\"112\" data-end=\"137\">FOIRE AUX QUESTIONS :<\/strong><\/h5>\n<hr data-start=\"470\" data-end=\"473\">\n<p data-start=\"475\" data-end=\"807\"><strong data-start=\"475\" data-end=\"581\">Q : Je n\u2019ai pas pu m\u2019inscrire et maintenant c\u2019est marqu\u00e9 complet. Pouvez-vous ouvrir une autre place ?<\/strong><br data-start=\"581\" data-end=\"584\"><strong data-start=\"584\" data-end=\"591\">R :<\/strong> Malheureusement, la r\u00e9ponse est non. Il y a probablement 20 autres personnes qui ont pos\u00e9 la m\u00eame question. Les inscriptions se font selon le principe du premier arriv\u00e9, premier servi, et les places sont limit\u00e9es.<\/p>\n<hr data-start=\"1186\" data-end=\"1189\">\n<p data-start=\"1191\" data-end=\"1388\"><strong data-start=\"1191\" data-end=\"1264\">Q : Mon enfant est gardien de but, peut-il s\u2019inscrire aux cliniques ?<\/strong><br data-start=\"1264\" data-end=\"1267\"><strong data-start=\"1267\" data-end=\"1274\">R :<\/strong> Il est le bienvenu pour s\u2019inscrire aux cliniques \u00ab maniement de rondelle et lancers \u00bb ou \u00ab passes et tirs \u00bb.<\/p>\n<hr data-start=\"1390\" data-end=\"1393\">\n<p data-start=\"1395\" data-end=\"1663\"><strong data-start=\"1395\" data-end=\"1466\">Q : Mon enfant a 4 ans. Peut-il participer \u00e0 une de ces cliniques ?<\/strong><br data-start=\"1466\" data-end=\"1469\"><strong data-start=\"1469\" data-end=\"1476\">R :<\/strong> Non, les cliniques offertes sont uniquement pour les divisions mentionn\u00e9es. Nos joueurs M7 auront de nombreuses excellentes s\u00e9ances sur glace lorsque la saison d\u00e9butera le 6 septembre.<\/p>\n<hr data-start=\"1665\" data-end=\"1668\">\n<p data-start=\"1670\" data-end=\"1985\"><strong data-start=\"1670\" data-end=\"1740\">Q : Cette clinique est-elle incluse dans mes frais d\u2019inscription ?<\/strong><br data-start=\"1740\" data-end=\"1743\"><strong data-start=\"1743\" data-end=\"1750\">R :<\/strong> Non, il s\u2019agit d\u2019une clinique optionnelle distincte pour ceux qui sont int\u00e9ress\u00e9s. Les frais d\u2019inscription couvrent la saison de hockey du joueur, mais des cliniques suppl\u00e9mentaires sont offertes pour un d\u00e9veloppement des habilet\u00e9s.<\/p>\n<hr data-start=\"1987\" data-end=\"1990\">\n<p data-start=\"1992\" data-end=\"2164\"><strong data-start=\"1992\" data-end=\"2028\">Q : Dois-je rester et regarder ?<\/strong><br data-start=\"2028\" data-end=\"2031\"><strong data-start=\"2031\" data-end=\"2038\">R :<\/strong> Les parents doivent rester \u00e0 l\u2019ar\u00e9na pendant tout \u00e9v\u00e9nement de HWI (clinique, match, pratique) impliquant un enfant mineur.<\/p>\n<hr data-start=\"2166\" data-end=\"2169\">\n<p data-start=\"2171\" data-end=\"2389\"><strong data-start=\"2171\" data-end=\"2243\">Q : Allez-vous \u00e9valuer les joueurs pour les \u00e9quipes de cette ann\u00e9e ?<\/strong><br data-start=\"2243\" data-end=\"2246\"><strong data-start=\"2246\" data-end=\"2253\">R :<\/strong> Non. Ces cliniques sont uniquement destin\u00e9es au d\u00e9veloppement des habilet\u00e9s \u2014 elles ne font pas partie des essais ou des \u00e9valuations.<\/p>\n<hr data-start=\"2391\" data-end=\"2394\">\n<p data-start=\"2396\" data-end=\"2547\"><strong data-start=\"2396\" data-end=\"2444\">Q : Ont-ils besoin de l\u2019\u00e9quipement complet ?<\/strong><br data-start=\"2444\" data-end=\"2447\"><strong data-start=\"2447\" data-end=\"2454\">R :<\/strong> Oui, l\u2019\u00e9quipement de hockey complet est obligatoire \u2014 comme pour un match ou une pratique.<\/p>\n<hr data-start=\"2549\" data-end=\"2552\">\n<p data-start=\"2554\" data-end=\"2866\"><strong data-start=\"2554\" data-end=\"2650\">Q : Est-ce que les fr\u00e8res\/s\u0153urs ou amis de l\u2019ext\u00e9rieur de l\u2019association peuvent participer ?<\/strong><br data-start=\"2650\" data-end=\"2653\"><strong data-start=\"2653\" data-end=\"2660\">R :<\/strong> Non, peu importe leur int\u00e9r\u00eat ou le fait qu\u2019ils aient un fr\u00e8re, une s\u0153ur ou un ami dans HWI. Les cliniques sont r\u00e9serv\u00e9es uniquement aux joueurs inscrits pour la saison 2025-2026 avec Hockey West Island.<\/p>\n<hr data-start=\"2868\" data-end=\"2871\">\n<p data-start=\"2873\" data-end=\"3260\"><strong data-start=\"2873\" data-end=\"2978\">Q : Si nous ne pouvons pas y assister, pouvons-nous annuler notre place et obtenir un remboursement ?<\/strong><br data-start=\"2978\" data-end=\"2981\"><strong data-start=\"2981\" data-end=\"2988\">R :<\/strong> Les inscriptions ferment \u00e0 l\u2019avance afin que nous puissions confirmer le nombre de participants et les entra\u00eeneurs. Toute inscription annul\u00e9e moins de 24 heures \u00e0 l\u2019avance ne sera PAS rembours\u00e9e, car nous ne pouvons pas combler la place \u00e0 la derni\u00e8re minute.<\/p>\n<hr>\n<p>\n<\/div><div data-bb-version=\"5.0.1\" class=\"bt_bb_separator bt_bb_border_style_none bt_bb_top_spacing_normal bt_bb_bottom_spacing_normal\" data-bt-override-class=\"{&quot;bt_bb_top_spacing_&quot;:{&quot;current_class&quot;:&quot;bt_bb_top_spacing_normal&quot;,&quot;xxl&quot;:&quot;normal&quot;},&quot;bt_bb_bottom_spacing_&quot;:{&quot;current_class&quot;:&quot;bt_bb_bottom_spacing_normal&quot;,&quot;xxl&quot;:&quot;normal&quot;}}\"><\/div><\/div><\/div><\/div><\/div><\/div><\/div><!-- cell_inner --><\/div><!-- cell --><\/div><!-- port --><\/section><\/p>\n","protected":false},"excerpt":{"rendered":"","protected":false},"author":7,"featured_media":0,"parent":0,"menu_order":0,"comment_status":"closed","ping_status":"closed","template":"","meta":{"_monsterinsights_skip_tracking":false,"_monsterinsights_sitenote_active":false,"_monsterinsights_sitenote_note":"","_monsterinsights_sitenote_category":0,"ngg_post_thumbnail":0,"footnotes":""},"class_list":["post-12569","page","type-page","status-publish","hentry"],"_links":{"self":[{"href":"https:\/\/www.hockeywestisland.org\/fr\/wp-json\/wp\/v2\/pages\/12569","targetHints":{"allow":["GET"]}}],"collection":[{"href":"https:\/\/www.hockeywestisland.org\/fr\/wp-json\/wp\/v2\/pages"}],"about":[{"href":"https:\/\/www.hockeywestisland.org\/fr\/wp-json\/wp\/v2\/types\/page"}],"author":[{"embeddable":true,"href":"https:\/\/www.hockeywestisland.org\/fr\/wp-json\/wp\/v2\/users\/7"}],"replies":[{"embeddable":true,"href":"https:\/\/www.hockeywestisland.org\/fr\/wp-json\/wp\/v2\/comments?post=12569"}],"version-history":[{"count":127,"href":"https:\/\/www.hockeywestisland.org\/fr\/wp-json\/wp\/v2\/pages\/12569\/revisions"}],"predecessor-version":[{"id":16448,"href":"https:\/\/www.hockeywestisland.org\/fr\/wp-json\/wp\/v2\/pages\/12569\/revisions\/16448"}],"wp:attachment":[{"href":"https:\/\/www.hockeywestisland.org\/fr\/wp-json\/wp\/v2\/media?parent=12569"}],"curies":[{"name":"wp","href":"https:\/\/api.w.org\/{rel}","templated":true}]}}