{"id":15804,"date":"2025-08-21T15:44:08","date_gmt":"2025-08-21T19:44:08","guid":{"rendered":"https:\/\/www.hockeywestisland.org\/?page_id=15804"},"modified":"2025-08-21T15:55:49","modified_gmt":"2025-08-21T19:55:49","slug":"evaluations-2","status":"publish","type":"page","link":"https:\/\/www.hockeywestisland.org\/fr\/evaluations-2\/","title":{"rendered":"\u00c9valuations"},"content":{"rendered":"<p><section data-bb-version=\"5.3.4\" id=\"bt_bb_section69d657ec1432b\" class=\"bt_bb_section bt_bb_layout_boxed_1200\"  data-bt-override-class=\"null\"><div class=\"bt_bb_port\"><div class=\"bt_bb_cell\"><div class=\"bt_bb_cell_inner\"><div class=\"bt_bb_row \"  data-bt-override-class=\"{}\"><div class=\"bt_bb_row_holder\" ><div data-bb-version=\"5.3.4\"  class=\"bt_bb_column col-xxl-12 col-xl-12 col-xs-12 col-sm-12 col-md-12 col-lg-12 bt_bb_vertical_align_top bt_bb_align_left bt_bb_padding_normal\" style=\"; --column-width:12;\" data-width=\"12\" data-bt-override-class=\"{}\"><div class=\"bt_bb_column_content\"><div class=\"bt_bb_column_content_inner\"><div data-bb-version=\"5.3.4\" class=\"bt_bb_separator bt_bb_border_style_none bt_bb_top_spacing_normal bt_bb_bottom_spacing_none\" data-bt-override-class=\"{&quot;bt_bb_top_spacing_&quot;:{&quot;current_class&quot;:&quot;bt_bb_top_spacing_normal&quot;,&quot;xxl&quot;:&quot;normal&quot;},&quot;bt_bb_bottom_spacing_&quot;:{&quot;current_class&quot;:&quot;bt_bb_bottom_spacing_none&quot;,&quot;xxl&quot;:&quot;none&quot;}}\"><\/div><header data-bb-version=\"5.3.4\" class=\"bt_bb_headline bt_bb_dash_none bt_bb_subheadline bt_bb_size_inherit bt_bb_align_inherit\" data-bt-override-class=\"{&quot;bt_bb_size_&quot;:{&quot;current_class&quot;:&quot;bt_bb_size_inherit&quot;,&quot;xxl&quot;:&quot;inherit&quot;},&quot;bt_bb_align_&quot;:{&quot;current_class&quot;:&quot;bt_bb_align_inherit&quot;,&quot;xxl&quot;:&quot;inherit&quot;},&quot;bt_bb_animation_&quot;:{&quot;current_class&quot;:&quot;bt_bb_animation_no_animation&quot;,&quot;xxl&quot;:&quot;no_animation&quot;}}\"><h1 class=\"bt_bb_headline_tag\"><span class=\"bt_bb_headline_content\"><span>Le processus d\u2019\u00e9valuation pour les \u00e9quipes \u00e0 lettre simple<\/span><\/span><\/h1><div class=\"bt_bb_headline_subheadline\">Parce qu\u2019il y a de nombreuses questions et suppositions concernant le processus d\u2019\u00e9valuation, nous avons mis \u00e0 jour cette page afin de mieux informer nos parents et membres.<\/div><\/header><div data-bb-version=\"5.3.4\" class=\"bt_bb_separator bt_bb_border_style_none bt_bb_top_spacing_normal bt_bb_bottom_spacing_normal\" data-bt-override-class=\"{&quot;bt_bb_top_spacing_&quot;:{&quot;current_class&quot;:&quot;bt_bb_top_spacing_normal&quot;,&quot;xxl&quot;:&quot;normal&quot;},&quot;bt_bb_bottom_spacing_&quot;:{&quot;current_class&quot;:&quot;bt_bb_bottom_spacing_normal&quot;,&quot;xxl&quot;:&quot;normal&quot;}}\"><\/div><\/div><\/div><\/div><\/div><\/div><\/div><!-- cell_inner --><\/div><!-- cell --><\/div><!-- port --><\/section><section data-bb-version=\"4.9.0\" id=\"bt_bb_section69d657ec14af2\" class=\"bt_bb_section bt_bb_layout_boxed_left_right_1200 bt_bb_vertical_align_top bt_bb_top_spacing_normal bt_bb_bottom_spacing_normal bt_bb_top_negative_margin_normal bt_bb_bottom_negative_margin_normal\" style=\";background-color:rgb(255,255,255);\" data-bt-override-class=\"{&quot;bt_bb_top_spacing_&quot;:{&quot;current_class&quot;:&quot;bt_bb_top_spacing_normal&quot;,&quot;xxl&quot;:&quot;normal&quot;},&quot;bt_bb_bottom_spacing_&quot;:{&quot;current_class&quot;:&quot;bt_bb_bottom_spacing_normal&quot;,&quot;xxl&quot;:&quot;normal&quot;}}\"><div class=\"bt_bb_port\"><div class=\"bt_bb_cell\"><div class=\"bt_bb_cell_inner\"><div class=\"bt_bb_row \"  data-bt-override-class=\"{}\"><div class=\"bt_bb_row_holder\" ><div data-bb-version=\"4.9.0\"  class=\"bt_bb_column col-xxl-12 col-xl-12 col-xs-12 col-sm-12 col-md-12 col-lg-12 bt_bb_vertical_align_top bt_bb_align_center bt_bb_padding_none\" style=\"; --column-width:12;\" data-width=\"12\" data-bt-override-class=\"{&quot;bt_bb_align_&quot;:{&quot;current_class&quot;:&quot;bt_bb_align_center&quot;,&quot;xxl&quot;:&quot;center&quot;},&quot;bt_bb_padding_&quot;:{&quot;current_class&quot;:&quot;bt_bb_padding_none&quot;,&quot;xxl&quot;:&quot;none&quot;}}\"><div class=\"bt_bb_column_content\"><div class=\"bt_bb_column_content_inner\"><div data-bb-version=\"5.3.4\" class=\"bt_bb_separator bt_bb_border_style_none bt_bb_top_spacing_none bt_bb_bottom_spacing_normal\" data-bt-override-class=\"{&quot;bt_bb_top_spacing_&quot;:{&quot;current_class&quot;:&quot;bt_bb_top_spacing_none&quot;,&quot;xxl&quot;:&quot;none&quot;},&quot;bt_bb_bottom_spacing_&quot;:{&quot;current_class&quot;:&quot;bt_bb_bottom_spacing_normal&quot;,&quot;xxl&quot;:&quot;normal&quot;}}\"><\/div><div data-bb-version=\"5.3.4\" class=\"bt_bb_button bt_bb_icon_position_left bt_bb_style_outline bt_bb_size_normal bt_bb_width_inline bt_bb_shape_inherit bt_bb_target_blank bt_bb_text_transform_inherit bt_bb_align_inherit\" data-bt-override-class=\"{&quot;bt_bb_size_&quot;:{&quot;current_class&quot;:&quot;bt_bb_size_normal&quot;,&quot;xxl&quot;:&quot;normal&quot;},&quot;bt_bb_align_&quot;:{&quot;current_class&quot;:&quot;bt_bb_align_inherit&quot;,&quot;xxl&quot;:&quot;inherit&quot;},&quot;bt_bb_animation_&quot;:{&quot;current_class&quot;:&quot;bt_bb_animation_no_animation&quot;,&quot;xxl&quot;:&quot;no_animation&quot;}}\"><a href=\"https:\/\/www.hockeywestisland.org\/wp-content\/uploads\/2025\/08\/Player-Evaluations-and-Team-Draft.docx.pdf\" target=\"_blank\" class=\"bt_bb_link\" title=\"PLAYER EVALUATIONS &amp; TEAM DRAFT guidelines\"><span class=\"bt_bb_button_text\" >PLAYER EVALUATIONS &amp; TEAM DRAFT guidelines<\/span><span  data-ico-fontawesome5regular=\"&#xf328;\" class=\"bt_bb_icon_holder\"><\/span><\/a><\/div><div data-bb-version=\"5.3.4\" class=\"bt_bb_separator bt_bb_border_style_none bt_bb_top_spacing_none bt_bb_bottom_spacing_normal\" data-bt-override-class=\"{&quot;bt_bb_top_spacing_&quot;:{&quot;current_class&quot;:&quot;bt_bb_top_spacing_none&quot;,&quot;xxl&quot;:&quot;none&quot;},&quot;bt_bb_bottom_spacing_&quot;:{&quot;current_class&quot;:&quot;bt_bb_bottom_spacing_normal&quot;,&quot;xxl&quot;:&quot;normal&quot;}}\"><\/div><\/div><\/div><\/div><\/div><\/div><\/div><!-- cell_inner --><\/div><!-- cell --><\/div><!-- port --><\/section><section data-bb-version=\"5.3.4\" id=\"bt_bb_section69d657ec152dd\" class=\"bt_bb_section bt_bb_layout_boxed_left_right_1200 bt_bb_vertical_align_top bt_bb_top_spacing_none bt_bb_bottom_spacing_none\" style=\";background-color:rgb(255,255,255);\" data-bt-override-class=\"{&quot;bt_bb_top_spacing_&quot;:{&quot;current_class&quot;:&quot;bt_bb_top_spacing_none&quot;,&quot;xxl&quot;:&quot;none&quot;},&quot;bt_bb_bottom_spacing_&quot;:{&quot;current_class&quot;:&quot;bt_bb_bottom_spacing_none&quot;,&quot;xxl&quot;:&quot;none&quot;},&quot;bt_bb_animation_&quot;:{&quot;current_class&quot;:&quot;bt_bb_animation_no_animation&quot;,&quot;xxl&quot;:&quot;no_animation&quot;}}\"><div class=\"bt_bb_port\"><div class=\"bt_bb_cell\"><div class=\"bt_bb_cell_inner\"><div class=\"bt_bb_row \"  data-bt-override-class=\"{}\"><div class=\"bt_bb_row_holder\" ><div data-bb-version=\"5.3.4\"  class=\"bt_bb_column col-xxl-12 col-xl-12 col-xs-12 col-sm-12 col-md-12 col-lg-12 bt_bb_vertical_align_top bt_bb_align_left bt_bb_padding_normal\" style=\"; --column-width:12;\" data-width=\"12\" data-bt-override-class=\"{}\"><div class=\"bt_bb_column_content\"><div class=\"bt_bb_column_content_inner\"><div data-bb-version=\"5.3.4\" class=\"bt_bb_image bt_bb_shape_square bt_bb_target_self bt_bb_align_inherit bt_bb_hover_style_simple bt_bb_content_display_always bt_bb_content_align_middle\" data-bt-override-class=\"{&quot;bt_bb_align_&quot;:{&quot;current_class&quot;:&quot;bt_bb_align_inherit&quot;,&quot;xxl&quot;:&quot;inherit&quot;},&quot;bt_bb_content_display_&quot;:{&quot;current_class&quot;:&quot;bt_bb_content_display_always&quot;,&quot;xxl&quot;:&quot;always&quot;},&quot;bt_bb_animation_&quot;:{&quot;current_class&quot;:&quot;bt_bb_animation_no_animation&quot;,&quot;xxl&quot;:&quot;no_animation&quot;}}\"><span><img loading=\"lazy\" decoding=\"async\" width=\"2560\" height=\"341\" src=\"https:\/\/www.hockeywestisland.org\/wp-content\/uploads\/2025\/08\/Turquoise-Elegant-Minimalist-Feedback-Docs-Banner-3-scaled.png\" class=\"attachment-full size-full\" alt=\"https:\/\/www.hockeywestisland.org\/wp-content\/uploads\/2025\/08\/Turquoise-Elegant-Minimalist-Feedback-Docs-Banner-3-scaled.png\" data-full_image_src=\"https:\/\/www.hockeywestisland.org\/wp-content\/uploads\/2025\/08\/Turquoise-Elegant-Minimalist-Feedback-Docs-Banner-3-scaled.png\" title=\"Turquoise Elegant Minimalist Feedback Docs Banner (3)\" srcset=\"https:\/\/www.hockeywestisland.org\/wp-content\/uploads\/2025\/08\/Turquoise-Elegant-Minimalist-Feedback-Docs-Banner-3-scaled.png 2560w, https:\/\/www.hockeywestisland.org\/wp-content\/uploads\/2025\/08\/Turquoise-Elegant-Minimalist-Feedback-Docs-Banner-3-640x85.png 640w, https:\/\/www.hockeywestisland.org\/wp-content\/uploads\/2025\/08\/Turquoise-Elegant-Minimalist-Feedback-Docs-Banner-3-1280x171.png 1280w, https:\/\/www.hockeywestisland.org\/wp-content\/uploads\/2025\/08\/Turquoise-Elegant-Minimalist-Feedback-Docs-Banner-3-768x102.png 768w, https:\/\/www.hockeywestisland.org\/wp-content\/uploads\/2025\/08\/Turquoise-Elegant-Minimalist-Feedback-Docs-Banner-3-1536x205.png 1536w, https:\/\/www.hockeywestisland.org\/wp-content\/uploads\/2025\/08\/Turquoise-Elegant-Minimalist-Feedback-Docs-Banner-3-2048x273.png 2048w, https:\/\/www.hockeywestisland.org\/wp-content\/uploads\/2025\/08\/Turquoise-Elegant-Minimalist-Feedback-Docs-Banner-3-320x43.png 320w\" sizes=\"auto, (max-width: 2560px) 100vw, 2560px\" \/><\/span><\/div><div data-bb-version=\"5.3.4\" class=\"bt_bb_separator bt_bb_border_style_none bt_bb_top_spacing_normal bt_bb_bottom_spacing_normal\" data-bt-override-class=\"{&quot;bt_bb_top_spacing_&quot;:{&quot;current_class&quot;:&quot;bt_bb_top_spacing_normal&quot;,&quot;xxl&quot;:&quot;normal&quot;},&quot;bt_bb_bottom_spacing_&quot;:{&quot;current_class&quot;:&quot;bt_bb_bottom_spacing_normal&quot;,&quot;xxl&quot;:&quot;normal&quot;}}\"><\/div><div data-bb-version=\"5.3.4\"  class=\"bt_bb_text\" ><\/p>\n<p><strong>Le d\u00e9but de la saison et les \u00e9valuations peuvent repr\u00e9senter une p\u00e9riode \u00e0 la <\/strong><strong>fois stimulante et \u00e9motive pour les joueurs, les parents et les b\u00e9n\u00e9voles. Nous <\/strong><strong>tenons \u00e0 rappeler que le hockey mineur communautaire a pour objectif de cr\u00e9er <\/strong><strong>un environnement positif o\u00f9 chaque enfant peut grandir, apprendre et s\u2019amuser <\/strong><strong>bien au-del\u00e0 de la poursuite d\u2019une carri\u00e8re professionnelle.<\/strong><\/p>\n<p>Ensemble, nous accompagnons chaque joueur dans son parcours et contribuons \u00e0 faire du hockey une exp\u00e9rience positive et enrichissante pour tous. Au parents, nous demandons d\u2019\u00eatres des mod\u00e8les \u2014 en soutenant vos enfants, en faisant preuve de respect envers les autres, et en \u00e9vitant d\u2019exercer de la pression ou de d\u00e9verser vos frustration sur nos b\u00e9n\u00e9voles, entra\u00eeneurs, membres du personnel ou autres familles.<\/p>\n<ul>\n<li>Chaque enfant a sa place dans une \u00e9quipe. Le processus d\u2019\u00e9valuation ne vise pas \u00e0 retrancher des joueurs, mais plut\u00f4t \u00e0 les orienter vers une \u00e9quipe qui leur offrira les meilleures conditions pour se d\u00e9velopper, gagner en confiance et prendre plaisir \u00e0 jouer. Les \u00e9valuations de HWI sont men\u00e9es par des professionnels exp\u00e9riment\u00e9s et impartiaux, membres de notre \u00e9quipe technique. Ils poss\u00e8dent de nombreuses ann\u00e9es d\u2019expertise et de formation dans le domaine du hockey.<br \/>\n<hr>\n<\/li>\n<li>Les questions formul\u00e9es avec respect concernant votre propre enfant sont les bienvenues. Toutefois, il n\u2019est pas appropri\u00e9 de discuter du cas d\u2019autres joueurs. S\u2019adresser \u00e0 des b\u00e9n\u00e9voles de HWI (qui ne participent pas aux \u00e9valuations) pour remettre en question des d\u00e9cisions ajoute de la pression inutile et nuit au bon d\u00e9roulement des \u00e9valuations. Merci de faire confiance \u00e0 notre engagement \u00e0 agir dans le meilleur int\u00e9r\u00eat de chaque joueur.<br \/>\n<hr>\n<\/li>\n<li>Pourquoi les joueurs ont-ils \u00e9t\u00e9 r\u00e9partis dans diff\u00e9rents groupes en d\u00e9but de saison ? Parce qu\u2019il est tout simplement impossible de faire patiner 100 joueurs en m\u00eame temps sur la glace. Des changements entre les groupes auront lieu tout au long de la p\u00e9riode d\u2019\u00e9valuation. Le groupe initial d\u2019un joueur ne d\u00e9termine pas le niveau dans lequel il \u00e9voluera \u2014 il ne s\u2019agit que d\u2019une \u00e9tape du processus. Les \u00e9valuateurs tiennent compte de nombreux facteurs au fil de plusieurs s\u00e9ances, et des ajustements sont pr\u00e9vus afin de placer chaque joueur l\u00e0 o\u00f9 il pourra s\u2019\u00e9panouir et r\u00e9ussir.<br \/>\n<hr>\n<\/li>\n<\/ul>\n<p><em><strong>Quel que soit le niveau dans lequel votre enfant \u00e9voluera cette saison, soyez-en <\/strong><\/em><strong><em>fiers.<\/em> <\/strong>Chaque \u00e9quipe offre un encadrement de qualit\u00e9, des opportunit\u00e9s de d\u00e9veloppement et une comp\u00e9tition enrichissante et significative<\/p>\n<p><strong>Nous encourageons les parents et les joueurs \u00e0 garder une vue d\u2019ensemble. Ne <\/strong><strong>pas int\u00e9grer l\u2019\u00e9quipe de plus haut niveau n\u2019est pas un \u00e9chec \u2014 c\u2019est souvent une <\/strong><strong>occasion de d\u00e9velopper ses habilet\u00e9s, d\u2019exercer son leadership et de b\u00e9n\u00e9ficier <\/strong><strong>de plus de temps de glace au sein d\u2019une autre \u00e9quipe. Les \u00e9valuations ne <\/strong><strong>repr\u00e9sentent que le point de d\u00e9part. Peu importe l\u2019\u00e9quipe dans laquelle votre <\/strong><strong>enfant est plac\u00e9, il aura l\u2019occasion de progresser et de s\u2019am\u00e9liorer. Soutenez <\/strong><strong>votre enfant en gardant une attitude positive, en faisant confiance au processus, <\/strong><strong>en l\u2019encourageant sans pressions et en vous concentrant sur l\u2019essentiel : son <\/strong><strong>d\u00e9veloppement \u00e0 long terme et le plaisir de jouer au hockey.<\/strong><\/p>\n<p>\n<\/div><div data-bb-version=\"5.3.4\" class=\"bt_bb_separator bt_bb_border_style_none bt_bb_top_spacing_normal bt_bb_bottom_spacing_none\" data-bt-override-class=\"{&quot;bt_bb_top_spacing_&quot;:{&quot;current_class&quot;:&quot;bt_bb_top_spacing_normal&quot;,&quot;xxl&quot;:&quot;normal&quot;},&quot;bt_bb_bottom_spacing_&quot;:{&quot;current_class&quot;:&quot;bt_bb_bottom_spacing_none&quot;,&quot;xxl&quot;:&quot;none&quot;}}\"><\/div><div data-bb-version=\"5.3.4\" class=\"bt_bb_image bt_bb_shape_square bt_bb_target_self bt_bb_align_inherit bt_bb_hover_style_simple bt_bb_content_display_always bt_bb_content_align_middle\" data-bt-override-class=\"{&quot;bt_bb_align_&quot;:{&quot;current_class&quot;:&quot;bt_bb_align_inherit&quot;,&quot;xxl&quot;:&quot;inherit&quot;},&quot;bt_bb_content_display_&quot;:{&quot;current_class&quot;:&quot;bt_bb_content_display_always&quot;,&quot;xxl&quot;:&quot;always&quot;},&quot;bt_bb_animation_&quot;:{&quot;current_class&quot;:&quot;bt_bb_animation_no_animation&quot;,&quot;xxl&quot;:&quot;no_animation&quot;}}\"><span><img loading=\"lazy\" decoding=\"async\" width=\"2560\" height=\"1024\" src=\"https:\/\/www.hockeywestisland.org\/wp-content\/uploads\/2025\/08\/Black-and-Red-Modern-Ice-Hockey-Tournament-Instagram-Story-2-scaled.png\" class=\"attachment-full size-full\" alt=\"https:\/\/www.hockeywestisland.org\/wp-content\/uploads\/2025\/08\/Black-and-Red-Modern-Ice-Hockey-Tournament-Instagram-Story-2-scaled.png\" data-full_image_src=\"https:\/\/www.hockeywestisland.org\/wp-content\/uploads\/2025\/08\/Black-and-Red-Modern-Ice-Hockey-Tournament-Instagram-Story-2-scaled.png\" title=\"Black and Red Modern Ice Hockey Tournament Instagram Story (2)\" srcset=\"https:\/\/www.hockeywestisland.org\/wp-content\/uploads\/2025\/08\/Black-and-Red-Modern-Ice-Hockey-Tournament-Instagram-Story-2-scaled.png 2560w, https:\/\/www.hockeywestisland.org\/wp-content\/uploads\/2025\/08\/Black-and-Red-Modern-Ice-Hockey-Tournament-Instagram-Story-2-640x256.png 640w, https:\/\/www.hockeywestisland.org\/wp-content\/uploads\/2025\/08\/Black-and-Red-Modern-Ice-Hockey-Tournament-Instagram-Story-2-1280x512.png 1280w, https:\/\/www.hockeywestisland.org\/wp-content\/uploads\/2025\/08\/Black-and-Red-Modern-Ice-Hockey-Tournament-Instagram-Story-2-768x307.png 768w, https:\/\/www.hockeywestisland.org\/wp-content\/uploads\/2025\/08\/Black-and-Red-Modern-Ice-Hockey-Tournament-Instagram-Story-2-1536x614.png 1536w, https:\/\/www.hockeywestisland.org\/wp-content\/uploads\/2025\/08\/Black-and-Red-Modern-Ice-Hockey-Tournament-Instagram-Story-2-2048x819.png 2048w, https:\/\/www.hockeywestisland.org\/wp-content\/uploads\/2025\/08\/Black-and-Red-Modern-Ice-Hockey-Tournament-Instagram-Story-2-320x128.png 320w\" sizes=\"auto, (max-width: 2560px) 100vw, 2560px\" \/><\/span><\/div><\/div><\/div><\/div><\/div><\/div><\/div><!-- cell_inner --><\/div><!-- cell --><\/div><!-- port --><\/section><\/p>\n","protected":false},"excerpt":{"rendered":"","protected":false},"author":7,"featured_media":0,"parent":0,"menu_order":0,"comment_status":"closed","ping_status":"closed","template":"","meta":{"_monsterinsights_skip_tracking":false,"_monsterinsights_sitenote_active":false,"_monsterinsights_sitenote_note":"","_monsterinsights_sitenote_category":0,"ngg_post_thumbnail":0,"footnotes":""},"class_list":["post-15804","page","type-page","status-publish","hentry"],"_links":{"self":[{"href":"https:\/\/www.hockeywestisland.org\/fr\/wp-json\/wp\/v2\/pages\/15804","targetHints":{"allow":["GET"]}}],"collection":[{"href":"https:\/\/www.hockeywestisland.org\/fr\/wp-json\/wp\/v2\/pages"}],"about":[{"href":"https:\/\/www.hockeywestisland.org\/fr\/wp-json\/wp\/v2\/types\/page"}],"author":[{"embeddable":true,"href":"https:\/\/www.hockeywestisland.org\/fr\/wp-json\/wp\/v2\/users\/7"}],"replies":[{"embeddable":true,"href":"https:\/\/www.hockeywestisland.org\/fr\/wp-json\/wp\/v2\/comments?post=15804"}],"version-history":[{"count":6,"href":"https:\/\/www.hockeywestisland.org\/fr\/wp-json\/wp\/v2\/pages\/15804\/revisions"}],"predecessor-version":[{"id":15815,"href":"https:\/\/www.hockeywestisland.org\/fr\/wp-json\/wp\/v2\/pages\/15804\/revisions\/15815"}],"wp:attachment":[{"href":"https:\/\/www.hockeywestisland.org\/fr\/wp-json\/wp\/v2\/media?parent=15804"}],"curies":[{"name":"wp","href":"https:\/\/api.w.org\/{rel}","templated":true}]}}