{"id":16461,"date":"2026-01-09T17:32:24","date_gmt":"2026-01-09T22:32:24","guid":{"rendered":"https:\/\/www.hockeywestisland.org\/?page_id=16461"},"modified":"2026-01-09T17:35:34","modified_gmt":"2026-01-09T22:35:34","slug":"politique-disciplinaire","status":"publish","type":"page","link":"https:\/\/www.hockeywestisland.org\/fr\/politique-disciplinaire\/","title":{"rendered":"POLITIQUE DISCIPLINAIRE"},"content":{"rendered":"<section data-bb-version=\"5.3.4\" id=\"bt_bb_section69d0d3b8651df\" class=\"bt_bb_section bt_bb_layout_boxed_left_right_1200 bt_bb_vertical_align_top bt_bb_top_spacing_none bt_bb_bottom_spacing_none\" style=\";background-color:rgb(255,255,255);\" data-bt-override-class=\"{&quot;bt_bb_top_spacing_&quot;:{&quot;current_class&quot;:&quot;bt_bb_top_spacing_none&quot;,&quot;xxl&quot;:&quot;none&quot;},&quot;bt_bb_bottom_spacing_&quot;:{&quot;current_class&quot;:&quot;bt_bb_bottom_spacing_none&quot;,&quot;xxl&quot;:&quot;none&quot;},&quot;bt_bb_animation_&quot;:{&quot;current_class&quot;:&quot;bt_bb_animation_no_animation&quot;,&quot;xxl&quot;:&quot;no_animation&quot;}}\"><div class=\"bt_bb_port\"><div class=\"bt_bb_cell\"><div class=\"bt_bb_cell_inner\"><div class=\"bt_bb_row \"  data-bt-override-class=\"{}\"><div class=\"bt_bb_row_holder\" ><div data-bb-version=\"5.3.4\"  class=\"bt_bb_column col-xxl-12 col-xl-12 col-xs-12 col-sm-12 col-md-12 col-lg-12 bt_bb_vertical_align_top bt_bb_align_left bt_bb_padding_normal\" style=\"; --column-width:12;\" data-width=\"12\" data-bt-override-class=\"{}\"><div class=\"bt_bb_column_content\"><div class=\"bt_bb_column_content_inner\"><div data-bb-version=\"5.3.4\" class=\"bt_bb_separator bt_bb_border_style_none bt_bb_top_spacing_extra_small bt_bb_bottom_spacing_extra_small\" data-bt-override-class=\"{&quot;bt_bb_top_spacing_&quot;:{&quot;current_class&quot;:&quot;bt_bb_top_spacing_extra_small&quot;,&quot;xxl&quot;:&quot;extra_small&quot;},&quot;bt_bb_bottom_spacing_&quot;:{&quot;current_class&quot;:&quot;bt_bb_bottom_spacing_extra_small&quot;,&quot;xxl&quot;:&quot;extra_small&quot;}}\"><\/div><div data-bb-version=\"5.3.4\"  class=\"bt_bb_text\" ><\/p>\n<p data-start=\"0\" data-end=\"331\">Hockey West Island s\u2019engage \u00e0 offrir un programme de hockey qui met de l\u2019avant l\u2019importance et la compr\u00e9hension de l\u2019\u00e9thique de travail, de l\u2019esprit sportif, de la discipline, du travail d\u2019\u00e9quipe et du traitement \u00e9quitable des autres, en offrant une exp\u00e9rience positive et agr\u00e9able dans un environnement s\u00e9curitaire et respectueux.<\/p>\n<p data-start=\"333\" data-end=\"757\" data-is-last-node=\"\" data-is-only-node=\"\">La pr\u00e9sente politique s\u2019applique \u00e0 toute question disciplinaire pouvant survenir dans le cadre des affaires, activit\u00e9s et \u00e9v\u00e9nements de Hockey West Island, incluant, sans s\u2019y limiter, les comp\u00e9titions \u2014 tous les matchs (exhibition, saison r\u00e9guli\u00e8re, s\u00e9ries \u00e9liminatoires, tournois, etc.) \u2014 les entra\u00eenements, camps d\u2019entra\u00eenement et s\u00e9ances d\u2019instruction, ainsi que les r\u00e9unions et les d\u00e9placements associ\u00e9s \u00e0 ces activit\u00e9s.<\/p>\n<p>\n<\/div><div data-bb-version=\"5.3.4\" class=\"bt_bb_separator bt_bb_border_style_none bt_bb_top_spacing_extra_small bt_bb_bottom_spacing_extra_small\" data-bt-override-class=\"{&quot;bt_bb_top_spacing_&quot;:{&quot;current_class&quot;:&quot;bt_bb_top_spacing_extra_small&quot;,&quot;xxl&quot;:&quot;extra_small&quot;},&quot;bt_bb_bottom_spacing_&quot;:{&quot;current_class&quot;:&quot;bt_bb_bottom_spacing_extra_small&quot;,&quot;xxl&quot;:&quot;extra_small&quot;}}\"><\/div><div data-bb-version=\"5.3.4\" class=\"bt_bb_button bt_bb_icon_position_left bt_bb_style_outline bt_bb_size_large bt_bb_width_inline bt_bb_shape_inherit bt_bb_target_self bt_bb_text_transform_inherit bt_bb_align_center\" data-bt-override-class=\"{&quot;bt_bb_size_&quot;:{&quot;current_class&quot;:&quot;bt_bb_size_large&quot;,&quot;xxl&quot;:&quot;large&quot;},&quot;bt_bb_align_&quot;:{&quot;current_class&quot;:&quot;bt_bb_align_center&quot;,&quot;xxl&quot;:&quot;center&quot;},&quot;bt_bb_animation_&quot;:{&quot;current_class&quot;:&quot;bt_bb_animation_no_animation&quot;,&quot;xxl&quot;:&quot;no_animation&quot;}}\"><a href=\"https:\/\/www.hockeywestisland.org\/wp-content\/uploads\/2026\/01\/FR-HWI-Discipline-Policy.pdf\" target=\"_self\" class=\"bt_bb_link\" title=\"POLITIQUE DISCIPLINAIRE - FRAN\u00c7AIS\"><span class=\"bt_bb_button_text\" >POLITIQUE DISCIPLINAIRE - FRAN\u00c7AIS<\/span><\/a><\/div><div data-bb-version=\"5.3.4\" class=\"bt_bb_separator bt_bb_border_style_none bt_bb_top_spacing_extra_small bt_bb_bottom_spacing_extra_small\" data-bt-override-class=\"{&quot;bt_bb_top_spacing_&quot;:{&quot;current_class&quot;:&quot;bt_bb_top_spacing_extra_small&quot;,&quot;xxl&quot;:&quot;extra_small&quot;},&quot;bt_bb_bottom_spacing_&quot;:{&quot;current_class&quot;:&quot;bt_bb_bottom_spacing_extra_small&quot;,&quot;xxl&quot;:&quot;extra_small&quot;}}\"><\/div><\/div><\/div><\/div><\/div><\/div><\/div><!-- cell_inner --><\/div><!-- cell --><\/div><!-- port --><\/section>\n","protected":false},"excerpt":{"rendered":"","protected":false},"author":7,"featured_media":0,"parent":0,"menu_order":0,"comment_status":"closed","ping_status":"closed","template":"","meta":{"_monsterinsights_skip_tracking":false,"_monsterinsights_sitenote_active":false,"_monsterinsights_sitenote_note":"","_monsterinsights_sitenote_category":0,"ngg_post_thumbnail":0,"footnotes":""},"class_list":["post-16461","page","type-page","status-publish","hentry"],"_links":{"self":[{"href":"https:\/\/www.hockeywestisland.org\/fr\/wp-json\/wp\/v2\/pages\/16461","targetHints":{"allow":["GET"]}}],"collection":[{"href":"https:\/\/www.hockeywestisland.org\/fr\/wp-json\/wp\/v2\/pages"}],"about":[{"href":"https:\/\/www.hockeywestisland.org\/fr\/wp-json\/wp\/v2\/types\/page"}],"author":[{"embeddable":true,"href":"https:\/\/www.hockeywestisland.org\/fr\/wp-json\/wp\/v2\/users\/7"}],"replies":[{"embeddable":true,"href":"https:\/\/www.hockeywestisland.org\/fr\/wp-json\/wp\/v2\/comments?post=16461"}],"version-history":[{"count":2,"href":"https:\/\/www.hockeywestisland.org\/fr\/wp-json\/wp\/v2\/pages\/16461\/revisions"}],"predecessor-version":[{"id":16466,"href":"https:\/\/www.hockeywestisland.org\/fr\/wp-json\/wp\/v2\/pages\/16461\/revisions\/16466"}],"wp:attachment":[{"href":"https:\/\/www.hockeywestisland.org\/fr\/wp-json\/wp\/v2\/media?parent=16461"}],"curies":[{"name":"wp","href":"https:\/\/api.w.org\/{rel}","templated":true}]}}