{"id":16595,"date":"2026-02-23T19:10:41","date_gmt":"2026-02-24T00:10:41","guid":{"rendered":"https:\/\/www.hockeywestisland.org\/hockey-sur-mesure\/"},"modified":"2026-03-29T11:52:52","modified_gmt":"2026-03-29T15:52:52","slug":"hockey-sur-mesure","status":"publish","type":"page","link":"https:\/\/www.hockeywestisland.org\/fr\/hockey-sur-mesure\/","title":{"rendered":"Hockey sur Mesure"},"content":{"rendered":"<p><section data-bb-version=\"5.3.4\" id=\"bt_bb_section69d2a21168b68\" class=\"bt_bb_section bt_bb_layout_boxed_left_right_1200 bt_bb_vertical_align_top bt_bb_top_spacing_none bt_bb_bottom_spacing_none\" style=\";background-color:rgb(255,255,255);\" data-bt-override-class=\"{&quot;bt_bb_top_spacing_&quot;:{&quot;current_class&quot;:&quot;bt_bb_top_spacing_none&quot;,&quot;xxl&quot;:&quot;none&quot;},&quot;bt_bb_bottom_spacing_&quot;:{&quot;current_class&quot;:&quot;bt_bb_bottom_spacing_none&quot;,&quot;xxl&quot;:&quot;none&quot;},&quot;bt_bb_animation_&quot;:{&quot;current_class&quot;:&quot;bt_bb_animation_no_animation&quot;,&quot;xxl&quot;:&quot;no_animation&quot;}}\"><div class=\"bt_bb_port\"><div class=\"bt_bb_cell\"><div class=\"bt_bb_cell_inner\"><div class=\"bt_bb_row \"  data-bt-override-class=\"{}\"><div class=\"bt_bb_row_holder\" ><div data-bb-version=\"5.3.4\"  class=\"bt_bb_column col-xxl-12 col-xl-12 col-xs-12 col-sm-12 col-md-12 col-lg-12 bt_bb_vertical_align_top bt_bb_align_left bt_bb_padding_normal\" style=\"; --column-width:12;\" data-width=\"12\" data-bt-override-class=\"{}\"><div class=\"bt_bb_column_content\"><div class=\"bt_bb_column_content_inner\"><div data-bb-version=\"5.3.4\" class=\"bt_bb_separator bt_bb_border_style_none bt_bb_top_spacing_small bt_bb_bottom_spacing_none\" data-bt-override-class=\"{&quot;bt_bb_top_spacing_&quot;:{&quot;current_class&quot;:&quot;bt_bb_top_spacing_small&quot;,&quot;xxl&quot;:&quot;small&quot;},&quot;bt_bb_bottom_spacing_&quot;:{&quot;current_class&quot;:&quot;bt_bb_bottom_spacing_none&quot;,&quot;xxl&quot;:&quot;none&quot;}}\"><\/div><header data-bb-version=\"5.3.4\" class=\"bt_bb_headline bt_bb_dash_none bt_bb_size_inherit bt_bb_align_inherit\" style=\";color:rgb(221,51,51);border-color:rgb(221,51,51);\" data-bt-override-class=\"{&quot;bt_bb_size_&quot;:{&quot;current_class&quot;:&quot;bt_bb_size_inherit&quot;,&quot;xxl&quot;:&quot;inherit&quot;},&quot;bt_bb_align_&quot;:{&quot;current_class&quot;:&quot;bt_bb_align_inherit&quot;,&quot;xxl&quot;:&quot;inherit&quot;},&quot;bt_bb_animation_&quot;:{&quot;current_class&quot;:&quot;bt_bb_animation_no_animation&quot;,&quot;xxl&quot;:&quot;no_animation&quot;}}\"><h1 class=\"bt_bb_headline_tag\"><span class=\"bt_bb_headline_content\"><span>Merci de votre int\u00e9r\u00eat. Ce programme est COMPLET.<br \/><br \/>\n<\/span><\/span><\/h1><\/header><div data-bb-version=\"5.3.4\" class=\"bt_bb_separator bt_bb_border_style_none bt_bb_top_spacing_small bt_bb_bottom_spacing_none\" data-bt-override-class=\"{&quot;bt_bb_top_spacing_&quot;:{&quot;current_class&quot;:&quot;bt_bb_top_spacing_small&quot;,&quot;xxl&quot;:&quot;small&quot;},&quot;bt_bb_bottom_spacing_&quot;:{&quot;current_class&quot;:&quot;bt_bb_bottom_spacing_none&quot;,&quot;xxl&quot;:&quot;none&quot;}}\"><\/div><div data-bb-version=\"5.3.4\"  class=\"bt_bb_text\" ><\/p>\n<p data-start=\"0\" data-end=\"234\">Hockey sur mesure est un nouveau programme printanier de 7 semaines con\u00e7u pour les joueurs d\u00e9butants et ceux qui d\u00e9couvrent le hockey, qui souhaitent \u00e9voluer dans un environnement d\u00e9tendu et sans pression afin d\u2019apprendre et de jouer.<\/p>\n<p data-start=\"236\" data-end=\"433\">Offert les samedis du 11 avril au 23 mai 2026 (15h30 \u00e0 16h30), ce programme met l\u2019accent sur le d\u00e9veloppement des habilet\u00e9s, la confiance et le plaisir. Le co\u00fbt est de 149$ pour les 7 s\u00e9ances.<\/p>\n<p data-start=\"435\" data-end=\"829\">Tous les participants doivent porter l\u2019\u00e9quipement complet de hockey pour pouvoir participer. Consultez le lien au bas de la page pour la liste compl\u00e8te. L\u2019\u00e9quipement usag\u00e9 ou de qualit\u00e9 d\u00e9butant est tout \u00e0 fait acceptable. (Aucun \u00e9quipement sp\u00e9cifique de gardien de but n\u2019est requis.) Les magasins de sport locaux incluent Play It Again Sports, Sports Rousseau, Monkey Sports et Sports Experts.<\/p>\n<p data-start=\"831\" data-end=\"997\">Les participants doivent \u00eatre capables de se propulser vers l\u2019avant et de se relever seuls sur la glace. Les parents ne sont pas admis sur la glace pour ce programme.<\/p>\n<p data-start=\"999\" data-end=\"1127\"><span style=\"color: #ff0000;\">Veuillez noter que ce programme <em>n\u2019est pas offert<\/em> aux joueurs ayant particip\u00e9 avec Hockey West Island durant la saison 2025\u20132026.<\/span><\/p>\n<p data-start=\"1129\" data-end=\"1271\" data-is-last-node=\"\" data-is-only-node=\"\">Un nombre minimal de participants est requis. Si le programme n\u2019a pas lieu, tous les participants inscrits recevront un remboursement complet.<\/p>\n<p>\n<\/div><div data-bb-version=\"5.3.4\" class=\"bt_bb_separator bt_bb_border_style_none bt_bb_top_spacing_small bt_bb_bottom_spacing_none\" data-bt-override-class=\"{&quot;bt_bb_top_spacing_&quot;:{&quot;current_class&quot;:&quot;bt_bb_top_spacing_small&quot;,&quot;xxl&quot;:&quot;small&quot;},&quot;bt_bb_bottom_spacing_&quot;:{&quot;current_class&quot;:&quot;bt_bb_bottom_spacing_none&quot;,&quot;xxl&quot;:&quot;none&quot;}}\"><\/div><div data-bb-version=\"5.3.4\" class=\"bt_bb_image bt_bb_shape_square bt_bb_target_self bt_bb_align_inherit bt_bb_hover_style_simple bt_bb_content_display_always bt_bb_content_align_middle\" data-bt-override-class=\"{&quot;bt_bb_align_&quot;:{&quot;current_class&quot;:&quot;bt_bb_align_inherit&quot;,&quot;xxl&quot;:&quot;inherit&quot;},&quot;bt_bb_content_display_&quot;:{&quot;current_class&quot;:&quot;bt_bb_content_display_always&quot;,&quot;xxl&quot;:&quot;always&quot;},&quot;bt_bb_animation_&quot;:{&quot;current_class&quot;:&quot;bt_bb_animation_no_animation&quot;,&quot;xxl&quot;:&quot;no_animation&quot;}}\"><span><img loading=\"lazy\" decoding=\"async\" width=\"2560\" height=\"1979\" src=\"https:\/\/www.hockeywestisland.org\/wp-content\/uploads\/2026\/03\/Campus-Journalism-Program-in-Red-Black-Gray-Realistic-Style-4-scaled.png\" class=\"attachment-full size-full\" alt=\"https:\/\/www.hockeywestisland.org\/wp-content\/uploads\/2026\/03\/Campus-Journalism-Program-in-Red-Black-Gray-Realistic-Style-4-scaled.png\" data-full_image_src=\"https:\/\/www.hockeywestisland.org\/wp-content\/uploads\/2026\/03\/Campus-Journalism-Program-in-Red-Black-Gray-Realistic-Style-4-scaled.png\" title=\"Campus Journalism Program in Red Black Gray Realistic Style (4)\" srcset=\"https:\/\/www.hockeywestisland.org\/wp-content\/uploads\/2026\/03\/Campus-Journalism-Program-in-Red-Black-Gray-Realistic-Style-4-scaled.png 2560w, https:\/\/www.hockeywestisland.org\/wp-content\/uploads\/2026\/03\/Campus-Journalism-Program-in-Red-Black-Gray-Realistic-Style-4-640x495.png 640w, https:\/\/www.hockeywestisland.org\/wp-content\/uploads\/2026\/03\/Campus-Journalism-Program-in-Red-Black-Gray-Realistic-Style-4-1280x989.png 1280w\" sizes=\"auto, (max-width: 2560px) 100vw, 2560px\" \/><\/span><\/div><\/div><\/div><\/div><\/div><\/div><\/div><!-- cell_inner --><\/div><!-- cell --><\/div><!-- port --><\/section><section data-bb-version=\"5.3.4\" id=\"bt_bb_section69d2a21169590\" class=\"bt_bb_section bt_bb_layout_boxed_left_right_1200 bt_bb_vertical_align_top bt_bb_top_spacing_none bt_bb_bottom_spacing_none\" style=\";background-color:rgb(255,255,255);\" data-bt-override-class=\"{&quot;bt_bb_top_spacing_&quot;:{&quot;current_class&quot;:&quot;bt_bb_top_spacing_none&quot;,&quot;xxl&quot;:&quot;none&quot;},&quot;bt_bb_bottom_spacing_&quot;:{&quot;current_class&quot;:&quot;bt_bb_bottom_spacing_none&quot;,&quot;xxl&quot;:&quot;none&quot;},&quot;bt_bb_animation_&quot;:{&quot;current_class&quot;:&quot;bt_bb_animation_no_animation&quot;,&quot;xxl&quot;:&quot;no_animation&quot;}}\"><div class=\"bt_bb_port\"><div class=\"bt_bb_cell\"><div class=\"bt_bb_cell_inner\"><div class=\"bt_bb_row \"  data-bt-override-class=\"{}\"><div class=\"bt_bb_row_holder\" ><div data-bb-version=\"5.3.4\"  class=\"bt_bb_column col-xxl-12 col-xl-12 col-xs-12 col-sm-12 col-md-12 col-lg-12 bt_bb_vertical_align_top bt_bb_align_center bt_bb_padding_none\" style=\"; --column-width:12;\" data-width=\"12\" data-bt-override-class=\"{&quot;bt_bb_align_&quot;:{&quot;current_class&quot;:&quot;bt_bb_align_center&quot;,&quot;xxl&quot;:&quot;center&quot;},&quot;bt_bb_padding_&quot;:{&quot;current_class&quot;:&quot;bt_bb_padding_none&quot;,&quot;xxl&quot;:&quot;none&quot;},&quot;bt_bb_animation_&quot;:{&quot;current_class&quot;:&quot;bt_bb_animation_no_animation&quot;,&quot;xxl&quot;:&quot;no_animation&quot;}}\"><div class=\"bt_bb_column_content\"><div class=\"bt_bb_column_content_inner\"><div data-bb-version=\"5.3.4\" class=\"bt_bb_separator bt_bb_border_style_none bt_bb_top_spacing_small bt_bb_bottom_spacing_none\" data-bt-override-class=\"{&quot;bt_bb_top_spacing_&quot;:{&quot;current_class&quot;:&quot;bt_bb_top_spacing_small&quot;,&quot;xxl&quot;:&quot;small&quot;},&quot;bt_bb_bottom_spacing_&quot;:{&quot;current_class&quot;:&quot;bt_bb_bottom_spacing_none&quot;,&quot;xxl&quot;:&quot;none&quot;}}\"><\/div><div data-bb-version=\"5.3.4\" class=\"bt_bb_image bt_bb_shape_square bt_bb_target_blank bt_bb_align_inherit bt_bb_hover_style_simple bt_bb_content_display_always bt_bb_content_align_middle\" data-bt-override-class=\"{&quot;bt_bb_align_&quot;:{&quot;current_class&quot;:&quot;bt_bb_align_inherit&quot;,&quot;xxl&quot;:&quot;inherit&quot;},&quot;bt_bb_content_display_&quot;:{&quot;current_class&quot;:&quot;bt_bb_content_display_always&quot;,&quot;xxl&quot;:&quot;always&quot;},&quot;bt_bb_animation_&quot;:{&quot;current_class&quot;:&quot;bt_bb_animation_no_animation&quot;,&quot;xxl&quot;:&quot;no_animation&quot;}}\"><a href=\"https:\/\/www.hockeywestisland.org\/fr\/registration\/equipment-list\/\"  target=\"_blank\" title=\"Blue Modern Game Button Twitch Panel (4)\"><img loading=\"lazy\" decoding=\"async\" width=\"640\" height=\"200\" src=\"https:\/\/www.hockeywestisland.org\/wp-content\/uploads\/2026\/03\/Blue-Modern-Game-Button-Twitch-Panel-4.png\" class=\"attachment-full size-full\" alt=\"https:\/\/www.hockeywestisland.org\/wp-content\/uploads\/2026\/03\/Blue-Modern-Game-Button-Twitch-Panel-4.png\" data-full_image_src=\"https:\/\/www.hockeywestisland.org\/wp-content\/uploads\/2026\/03\/Blue-Modern-Game-Button-Twitch-Panel-4.png\" title=\"Blue Modern Game Button Twitch Panel (4)\" srcset=\"https:\/\/www.hockeywestisland.org\/wp-content\/uploads\/2026\/03\/Blue-Modern-Game-Button-Twitch-Panel-4.png 640w, https:\/\/www.hockeywestisland.org\/wp-content\/uploads\/2026\/03\/Blue-Modern-Game-Button-Twitch-Panel-4-320x100.png 320w\" sizes=\"auto, (max-width: 640px) 100vw, 640px\" \/><\/a><\/div><div data-bb-version=\"5.3.4\" class=\"bt_bb_separator bt_bb_border_style_none bt_bb_top_spacing_small bt_bb_bottom_spacing_none\" data-bt-override-class=\"{&quot;bt_bb_top_spacing_&quot;:{&quot;current_class&quot;:&quot;bt_bb_top_spacing_small&quot;,&quot;xxl&quot;:&quot;small&quot;},&quot;bt_bb_bottom_spacing_&quot;:{&quot;current_class&quot;:&quot;bt_bb_bottom_spacing_none&quot;,&quot;xxl&quot;:&quot;none&quot;}}\"><\/div><\/div><\/div><\/div><\/div><\/div><\/div><!-- cell_inner --><\/div><!-- cell --><\/div><!-- port --><\/section><\/p>\n","protected":false},"excerpt":{"rendered":"","protected":false},"author":7,"featured_media":0,"parent":0,"menu_order":0,"comment_status":"closed","ping_status":"closed","template":"","meta":{"_monsterinsights_skip_tracking":false,"_monsterinsights_sitenote_active":false,"_monsterinsights_sitenote_note":"","_monsterinsights_sitenote_category":0,"ngg_post_thumbnail":0,"footnotes":""},"class_list":["post-16595","page","type-page","status-publish","hentry"],"_links":{"self":[{"href":"https:\/\/www.hockeywestisland.org\/fr\/wp-json\/wp\/v2\/pages\/16595","targetHints":{"allow":["GET"]}}],"collection":[{"href":"https:\/\/www.hockeywestisland.org\/fr\/wp-json\/wp\/v2\/pages"}],"about":[{"href":"https:\/\/www.hockeywestisland.org\/fr\/wp-json\/wp\/v2\/types\/page"}],"author":[{"embeddable":true,"href":"https:\/\/www.hockeywestisland.org\/fr\/wp-json\/wp\/v2\/users\/7"}],"replies":[{"embeddable":true,"href":"https:\/\/www.hockeywestisland.org\/fr\/wp-json\/wp\/v2\/comments?post=16595"}],"version-history":[{"count":9,"href":"https:\/\/www.hockeywestisland.org\/fr\/wp-json\/wp\/v2\/pages\/16595\/revisions"}],"predecessor-version":[{"id":16658,"href":"https:\/\/www.hockeywestisland.org\/fr\/wp-json\/wp\/v2\/pages\/16595\/revisions\/16658"}],"wp:attachment":[{"href":"https:\/\/www.hockeywestisland.org\/fr\/wp-json\/wp\/v2\/media?parent=16595"}],"curies":[{"name":"wp","href":"https:\/\/api.w.org\/{rel}","templated":true}]}}