{"id":2474,"date":"2018-10-18T15:33:26","date_gmt":"2018-10-18T19:33:26","guid":{"rendered":"https:\/\/www.hockeywestisland.org\/registration\/"},"modified":"2025-11-06T14:43:58","modified_gmt":"2025-11-06T19:43:58","slug":"registration","status":"publish","type":"page","link":"https:\/\/www.hockeywestisland.org\/fr\/registration\/","title":{"rendered":"INSCRIPTION"},"content":{"rendered":"<p><section id=\"bt_bb_section69d6180f1bf10\" class=\"bt_bb_section bt_bb_color_scheme_2 bt_bb_layout_boxed_left_right_1200 bt_bb_vertical_align_top bt_bb_top_spacing_normal bt_bb_bottom_spacing_normal bt_bb_top_negative_margin_medium\" style=\"; --section-primary-color:#191919; --section-secondary-color:#ffffff;\" data-bt-override-class=\"null\"><div class=\"bt_bb_port\"><div class=\"bt_bb_cell\"><div class=\"bt_bb_cell_inner\"><div class=\"bt_bb_row \"  data-bt-override-class=\"{}\"><div class=\"bt_bb_row_holder\" ><div data-bb-version=\"5.3.4\"  class=\"bt_bb_column col-xxl-12 col-xl-12 col-xs-12 col-sm-12 col-md-12 col-lg-12 bt_bb_vertical_align_top bt_bb_align_center bt_bb_padding_none\" style=\"; --column-width:12;\" data-width=\"12\" data-bt-override-class=\"{&quot;bt_bb_align_&quot;:{&quot;current_class&quot;:&quot;bt_bb_align_center&quot;,&quot;xxl&quot;:&quot;center&quot;},&quot;bt_bb_padding_&quot;:{&quot;current_class&quot;:&quot;bt_bb_padding_none&quot;,&quot;xxl&quot;:&quot;none&quot;},&quot;bt_bb_animation_&quot;:{&quot;current_class&quot;:&quot;bt_bb_animation_no_animation&quot;,&quot;xxl&quot;:&quot;no_animation&quot;}}\"><div class=\"bt_bb_column_content\"><div class=\"bt_bb_column_content_inner\"><header data-bb-version=\"5.3.4\" class=\"bt_bb_headline bt_bb_dash_none bt_bb_subheadline bt_bb_size_inherit bt_bb_align_inherit\" style=\";color:rgb(221,51,51);border-color:rgb(221,51,51);\" data-bt-override-class=\"{&quot;bt_bb_size_&quot;:{&quot;current_class&quot;:&quot;bt_bb_size_inherit&quot;,&quot;xxl&quot;:&quot;inherit&quot;},&quot;bt_bb_align_&quot;:{&quot;current_class&quot;:&quot;bt_bb_align_inherit&quot;,&quot;xxl&quot;:&quot;inherit&quot;},&quot;bt_bb_animation_&quot;:{&quot;current_class&quot;:&quot;bt_bb_animation_no_animation&quot;,&quot;xxl&quot;:&quot;no_animation&quot;}}\"><h1 class=\"bt_bb_headline_tag\"><span class=\"bt_bb_headline_content\"><span>Les inscriptions pour la saison 2025-2026 sont termin\u00e9es.<\/span><\/span><\/h1><div class=\"bt_bb_headline_subheadline\">Hockey West Island s'adresse aux joueurs et joueuses \u00e2g\u00e9s de 4 \u00e0 27 ans qui r\u00e9sident \u00e0 Pointe-Claire ou \u00e0 Dorval.<\/div><\/header><div data-bb-version=\"5.3.4\" class=\"bt_bb_separator bt_bb_border_style_none bt_bb_top_spacing_small bt_bb_bottom_spacing_none\" data-bt-override-class=\"{&quot;bt_bb_top_spacing_&quot;:{&quot;current_class&quot;:&quot;bt_bb_top_spacing_small&quot;,&quot;xxl&quot;:&quot;small&quot;},&quot;bt_bb_bottom_spacing_&quot;:{&quot;current_class&quot;:&quot;bt_bb_bottom_spacing_none&quot;,&quot;xxl&quot;:&quot;none&quot;}}\"><\/div><\/div><\/div><\/div><\/div><\/div><\/div><!-- cell_inner --><\/div><!-- cell --><\/div><!-- port --><\/section><section data-bb-version=\"5.3.4\" id=\"bt_bb_section69d6180f1c32c\" class=\"bt_bb_section bt_bb_color_scheme_2 bt_bb_layout_boxed_left_right_1200 bt_bb_vertical_align_middle bt_bb_top_spacing_small bt_bb_bottom_spacing_normal\" style=\"; --section-primary-color:#191919; --section-secondary-color:#ffffff;\" data-bt-override-class=\"{&quot;bt_bb_top_spacing_&quot;:{&quot;current_class&quot;:&quot;bt_bb_top_spacing_small&quot;,&quot;xxl&quot;:&quot;small&quot;},&quot;bt_bb_bottom_spacing_&quot;:{&quot;current_class&quot;:&quot;bt_bb_bottom_spacing_normal&quot;,&quot;xxl&quot;:&quot;normal&quot;},&quot;bt_bb_animation_&quot;:{&quot;current_class&quot;:&quot;bt_bb_animation_no_animation&quot;,&quot;xxl&quot;:&quot;no_animation&quot;}}\"><div class=\"bt_bb_port\"><div class=\"bt_bb_cell\"><div class=\"bt_bb_cell_inner\"><div class=\"bt_bb_row \"  data-bt-override-class=\"{}\"><div class=\"bt_bb_row_holder\" ><div data-bb-version=\"5.3.4\"  class=\"bt_bb_column col-xxl-12 col-xl-12 col-xs-12 col-sm-12 col-md-12 col-lg-12 bt_bb_vertical_align_top bt_bb_align_center bt_bb_padding_none\" style=\"; --column-width:12;\" data-width=\"12\" data-bt-override-class=\"{&quot;bt_bb_align_&quot;:{&quot;current_class&quot;:&quot;bt_bb_align_center&quot;,&quot;xxl&quot;:&quot;center&quot;},&quot;bt_bb_padding_&quot;:{&quot;current_class&quot;:&quot;bt_bb_padding_none&quot;,&quot;xxl&quot;:&quot;none&quot;},&quot;bt_bb_animation_&quot;:{&quot;current_class&quot;:&quot;bt_bb_animation_no_animation&quot;,&quot;xxl&quot;:&quot;no_animation&quot;}}\"><div class=\"bt_bb_column_content\"><div class=\"bt_bb_column_content_inner\"><div data-bb-version=\"5.3.4\"  class=\"bt_bb_text\" ><\/p>\n<h6>Vous avez des questions sur la saison ?<\/h6>\n<h6>Vous trouverez de nombreuses r\u00e9ponses sur notre page parentale :<\/h6>\n<p>\n<\/div><div data-bb-version=\"5.3.4\" class=\"bt_bb_separator bt_bb_border_style_none bt_bb_top_spacing_small bt_bb_bottom_spacing_none\" data-bt-override-class=\"{&quot;bt_bb_top_spacing_&quot;:{&quot;current_class&quot;:&quot;bt_bb_top_spacing_small&quot;,&quot;xxl&quot;:&quot;small&quot;},&quot;bt_bb_bottom_spacing_&quot;:{&quot;current_class&quot;:&quot;bt_bb_bottom_spacing_none&quot;,&quot;xxl&quot;:&quot;none&quot;}}\"><\/div><div data-bb-version=\"5.3.4\" class=\"bt_bb_button bt_bb_color_scheme_13 bt_bb_icon_position_left bt_bb_style_filled bt_bb_size_large bt_bb_width_inline bt_bb_shape_inherit bt_bb_target_blank bt_bb_text_transform_inherit bt_bb_align_center\" style=\"; --primary-color:#fff; --secondary-color:#000;\" data-bt-override-class=\"{&quot;bt_bb_size_&quot;:{&quot;current_class&quot;:&quot;bt_bb_size_large&quot;,&quot;xxl&quot;:&quot;large&quot;},&quot;bt_bb_align_&quot;:{&quot;current_class&quot;:&quot;bt_bb_align_center&quot;,&quot;xxl&quot;:&quot;center&quot;},&quot;bt_bb_animation_&quot;:{&quot;current_class&quot;:&quot;bt_bb_animation_no_animation&quot;,&quot;xxl&quot;:&quot;no_animation&quot;}}\"><a href=\"https:\/\/www.hockeywestisland.org\/fr\/parents\/\" target=\"_blank\" class=\"bt_bb_link\" title=\"INFORMATION FOR PARENTS\"><span class=\"bt_bb_button_text\" >INFORMATION FOR PARENTS<\/span><span  data-ico-fontawesome=\"&#xf059;\" class=\"bt_bb_icon_holder\"><\/span><\/a><\/div><\/div><\/div><\/div><\/div><\/div><\/div><!-- cell_inner --><\/div><!-- cell --><\/div><!-- port --><\/section><section data-bb-version=\"5.3.4\" id=\"bt_bb_section69d6180f1c7c6\" class=\"bt_bb_section bt_bb_color_scheme_2 bt_bb_layout_boxed_left_right_1200 bt_bb_vertical_align_middle bt_bb_top_spacing_small bt_bb_bottom_spacing_normal\" style=\"; --section-primary-color:#191919; --section-secondary-color:#ffffff;\" data-bt-override-class=\"{&quot;bt_bb_top_spacing_&quot;:{&quot;current_class&quot;:&quot;bt_bb_top_spacing_small&quot;,&quot;xxl&quot;:&quot;small&quot;},&quot;bt_bb_bottom_spacing_&quot;:{&quot;current_class&quot;:&quot;bt_bb_bottom_spacing_normal&quot;,&quot;xxl&quot;:&quot;normal&quot;},&quot;bt_bb_animation_&quot;:{&quot;current_class&quot;:&quot;bt_bb_animation_no_animation&quot;,&quot;xxl&quot;:&quot;no_animation&quot;}}\"><div class=\"bt_bb_port\"><div class=\"bt_bb_cell\"><div class=\"bt_bb_cell_inner\"><div class=\"bt_bb_row \"  data-bt-override-class=\"{}\"><div class=\"bt_bb_row_holder\" ><div data-bb-version=\"5.3.4\"  class=\"bt_bb_column col-xxl-12 col-xl-12 col-xs-12 col-sm-12 col-md-12 col-lg-12 bt_bb_vertical_align_top bt_bb_align_center bt_bb_padding_none\" style=\"; --column-width:12;\" data-width=\"12\" data-bt-override-class=\"{&quot;bt_bb_align_&quot;:{&quot;current_class&quot;:&quot;bt_bb_align_center&quot;,&quot;xxl&quot;:&quot;center&quot;},&quot;bt_bb_padding_&quot;:{&quot;current_class&quot;:&quot;bt_bb_padding_none&quot;,&quot;xxl&quot;:&quot;none&quot;},&quot;bt_bb_animation_&quot;:{&quot;current_class&quot;:&quot;bt_bb_animation_no_animation&quot;,&quot;xxl&quot;:&quot;no_animation&quot;}}\"><div class=\"bt_bb_column_content\"><div class=\"bt_bb_column_content_inner\"><div data-bb-version=\"5.3.4\"  class=\"bt_bb_text\" ><\/p>\n<h6>Suivez notre page Facebook pour les concours, les nouvelles et toute l\u2019info sur la saison!<\/h6>\n<p>\n<\/div><div data-bb-version=\"5.3.4\" class=\"bt_bb_separator bt_bb_border_style_none bt_bb_top_spacing_small bt_bb_bottom_spacing_none\" data-bt-override-class=\"{&quot;bt_bb_top_spacing_&quot;:{&quot;current_class&quot;:&quot;bt_bb_top_spacing_small&quot;,&quot;xxl&quot;:&quot;small&quot;},&quot;bt_bb_bottom_spacing_&quot;:{&quot;current_class&quot;:&quot;bt_bb_bottom_spacing_none&quot;,&quot;xxl&quot;:&quot;none&quot;}}\"><\/div><div data-bb-version=\"5.3.4\" class=\"bt_bb_image bt_bb_shape_square bt_bb_target_blank bt_bb_align_inherit bt_bb_hover_style_simple bt_bb_content_display_always bt_bb_content_align_middle\" data-bt-override-class=\"{&quot;bt_bb_align_&quot;:{&quot;current_class&quot;:&quot;bt_bb_align_inherit&quot;,&quot;xxl&quot;:&quot;inherit&quot;},&quot;bt_bb_content_display_&quot;:{&quot;current_class&quot;:&quot;bt_bb_content_display_always&quot;,&quot;xxl&quot;:&quot;always&quot;},&quot;bt_bb_animation_&quot;:{&quot;current_class&quot;:&quot;bt_bb_animation_no_animation&quot;,&quot;xxl&quot;:&quot;no_animation&quot;}}\"><a href=\"https:\/\/www.facebook.com\/HockeyWestIsland\"  target=\"_blank\" title=\"Blue Modern Game Button Twitch Panel (4)\"><img loading=\"lazy\" decoding=\"async\" width=\"680\" height=\"212\" src=\"https:\/\/www.hockeywestisland.org\/wp-content\/uploads\/2025\/07\/Blue-Modern-Game-Button-Twitch-Panel-4.png\" class=\"attachment-full size-full\" alt=\"https:\/\/www.hockeywestisland.org\/wp-content\/uploads\/2025\/07\/Blue-Modern-Game-Button-Twitch-Panel-4.png\" data-full_image_src=\"https:\/\/www.hockeywestisland.org\/wp-content\/uploads\/2025\/07\/Blue-Modern-Game-Button-Twitch-Panel-4.png\" title=\"Blue Modern Game Button Twitch Panel (4)\" srcset=\"https:\/\/www.hockeywestisland.org\/wp-content\/uploads\/2025\/07\/Blue-Modern-Game-Button-Twitch-Panel-4.png 680w, https:\/\/www.hockeywestisland.org\/wp-content\/uploads\/2025\/07\/Blue-Modern-Game-Button-Twitch-Panel-4-640x200.png 640w, https:\/\/www.hockeywestisland.org\/wp-content\/uploads\/2025\/07\/Blue-Modern-Game-Button-Twitch-Panel-4-320x100.png 320w\" sizes=\"auto, (max-width: 680px) 100vw, 680px\" \/><\/a><\/div><div data-bb-version=\"5.3.4\" class=\"bt_bb_separator bt_bb_border_style_none bt_bb_top_spacing_small bt_bb_bottom_spacing_none\" data-bt-override-class=\"{&quot;bt_bb_top_spacing_&quot;:{&quot;current_class&quot;:&quot;bt_bb_top_spacing_small&quot;,&quot;xxl&quot;:&quot;small&quot;},&quot;bt_bb_bottom_spacing_&quot;:{&quot;current_class&quot;:&quot;bt_bb_bottom_spacing_none&quot;,&quot;xxl&quot;:&quot;none&quot;}}\"><\/div><\/div><\/div><\/div><\/div><\/div><\/div><!-- cell_inner --><\/div><!-- cell --><\/div><!-- port --><\/section><section data-bb-version=\"5.3.4\" id=\"bt_bb_section69d6180f1d011\" class=\"bt_bb_section bt_bb_color_scheme_2 bt_bb_layout_boxed_left_right_1200 bt_bb_vertical_align_middle bt_bb_top_spacing_small bt_bb_bottom_spacing_normal\" style=\"; --section-primary-color:#191919; --section-secondary-color:#ffffff;\" data-bt-override-class=\"{&quot;bt_bb_top_spacing_&quot;:{&quot;current_class&quot;:&quot;bt_bb_top_spacing_small&quot;,&quot;xxl&quot;:&quot;small&quot;},&quot;bt_bb_bottom_spacing_&quot;:{&quot;current_class&quot;:&quot;bt_bb_bottom_spacing_normal&quot;,&quot;xxl&quot;:&quot;normal&quot;},&quot;bt_bb_animation_&quot;:{&quot;current_class&quot;:&quot;bt_bb_animation_no_animation&quot;,&quot;xxl&quot;:&quot;no_animation&quot;}}\"><div class=\"bt_bb_port\"><div class=\"bt_bb_cell\"><div class=\"bt_bb_cell_inner\"><div class=\"bt_bb_row \"  data-bt-override-class=\"{}\"><div class=\"bt_bb_row_holder\" ><div data-bb-version=\"5.3.4\"  class=\"bt_bb_column col-xxl-12 col-xl-12 col-xs-12 col-sm-12 col-md-12 col-lg-12 bt_bb_vertical_align_top bt_bb_align_left bt_bb_padding_none\" style=\"; --column-width:12;\" data-width=\"12\" data-bt-override-class=\"{&quot;bt_bb_align_&quot;:{&quot;current_class&quot;:&quot;bt_bb_align_left&quot;,&quot;xxl&quot;:&quot;left&quot;},&quot;bt_bb_padding_&quot;:{&quot;current_class&quot;:&quot;bt_bb_padding_none&quot;,&quot;xxl&quot;:&quot;none&quot;},&quot;bt_bb_animation_&quot;:{&quot;current_class&quot;:&quot;bt_bb_animation_no_animation&quot;,&quot;xxl&quot;:&quot;no_animation&quot;}}\"><div class=\"bt_bb_column_content\"><div class=\"bt_bb_column_content_inner\"><div data-bb-version=\"5.3.4\"  class=\"bt_bb_text\" ><\/p>\n<h4><span style=\"color: #ff0000;\"><strong>ATTENTION!<\/strong><\/span><\/h4>\n<div class=\"x14z9mp xat24cr x1lziwak x1vvkbs xtlvy1s x126k92a\">\n<div dir=\"auto\">Lors de l&rsquo;inscription, les joueurs verront une dispense de Hockey Lac St-Louis intitul\u00e9 :<\/div>\n<div dir=\"auto\">\n<p>\u00ab Obligation de poursuivre la saison dans le r\u00e9seau auquel est assujetti l\u2019activit\u00e9 de s\u00e9lection \u00e0 laquelle s\u2019inscrit un(e) joueur\/joueuse \u00bb<\/p>\n<\/div>\n<\/div>\n<div class=\"x14z9mp xat24cr x1lziwak x1vvkbs xtlvy1s x126k92a\">\n<div dir=\"auto\">CE QUE CELA SIGNIFIE :<\/div>\n<div dir=\"auto\"><span class=\"html-span xexx8yu xyri2b x18d9i69 x1c1uobl x1hl2dhg x16tdsg8 x1vvkbs x3nfvp2 x1j61x8r x1fcty0u xdj266r xat24cr xm2jcoa x1mpyi22 xxymvpz xlup9mm x1kky2od\"><img loading=\"lazy\" decoding=\"async\" class=\"xz74otr x15mokao x1ga7v0g x16uus16 xbiv7yw\" src=\"https:\/\/static.xx.fbcdn.net\/images\/emoji.php\/v9\/t1f\/2\/16\/27a1.png\" alt=\"\u27a1\ufe0f\" width=\"16\" height=\"16\"><\/span> Les joueurs ne peuvent PAS s\u2019inscrire ni participer \u00e0 plus d\u2019une activit\u00e9 de s\u00e9lection \u2013 ils ne peuvent pas faire les essais dans le r\u00e9seau de hockey communautaire (HWI\/Grizzlies) ET dans le r\u00e9seau de hockey scolaire (RSEQ).<\/div>\n<div dir=\"auto\">\u00ab Un(e) joueur\/joueuse doit s\u2019inscrire au camp assujetti au r\u00e9seau o\u00f9 il\/elle a l\u2019intention d\u2019\u00e9voluer pour le reste de la saison. \u00bb<\/div>\n<\/div>\n<div class=\"x14z9mp xat24cr x1lziwak x1vvkbs xtlvy1s x126k92a\">\n<div dir=\"auto\">&nbsp;<\/div>\n<div dir=\"auto\"><span class=\"html-span xexx8yu xyri2b x18d9i69 x1c1uobl x1hl2dhg x16tdsg8 x1vvkbs x3nfvp2 x1j61x8r x1fcty0u xdj266r xat24cr xm2jcoa x1mpyi22 xxymvpz xlup9mm x1kky2od\"><img loading=\"lazy\" decoding=\"async\" class=\"xz74otr x15mokao x1ga7v0g x16uus16 xbiv7yw\" src=\"https:\/\/static.xx.fbcdn.net\/images\/emoji.php\/v9\/t1f\/2\/16\/27a1.png\" alt=\"\u27a1\ufe0f\" width=\"16\" height=\"16\"><\/span> Les joueuses qui participent aux essais pour le hockey f\u00e9minin (comme Warriors ou Westlake) NE pourront PAS \u00eatre transf\u00e9r\u00e9es \u00e0 HWI si elles sont retranch\u00e9es ou se retirent. Elles devront rester dans le hockey f\u00e9minin (Westlake).<\/div>\n<\/div>\n<p>\n<\/div><div data-bb-version=\"5.3.4\" class=\"bt_bb_separator bt_bb_border_style_none bt_bb_top_spacing_small bt_bb_bottom_spacing_none\" data-bt-override-class=\"{&quot;bt_bb_top_spacing_&quot;:{&quot;current_class&quot;:&quot;bt_bb_top_spacing_small&quot;,&quot;xxl&quot;:&quot;small&quot;},&quot;bt_bb_bottom_spacing_&quot;:{&quot;current_class&quot;:&quot;bt_bb_bottom_spacing_none&quot;,&quot;xxl&quot;:&quot;none&quot;}}\"><\/div><\/div><\/div><\/div><\/div><\/div><\/div><!-- cell_inner --><\/div><!-- cell --><\/div><!-- port --><\/section><\/p>\n","protected":false},"excerpt":{"rendered":"","protected":false},"author":1,"featured_media":14074,"parent":0,"menu_order":0,"comment_status":"closed","ping_status":"closed","template":"","meta":{"_monsterinsights_skip_tracking":false,"_monsterinsights_sitenote_active":false,"_monsterinsights_sitenote_note":"","_monsterinsights_sitenote_category":0,"ngg_post_thumbnail":0,"footnotes":""},"class_list":["post-2474","page","type-page","status-publish","has-post-thumbnail","hentry"],"_links":{"self":[{"href":"https:\/\/www.hockeywestisland.org\/fr\/wp-json\/wp\/v2\/pages\/2474","targetHints":{"allow":["GET"]}}],"collection":[{"href":"https:\/\/www.hockeywestisland.org\/fr\/wp-json\/wp\/v2\/pages"}],"about":[{"href":"https:\/\/www.hockeywestisland.org\/fr\/wp-json\/wp\/v2\/types\/page"}],"author":[{"embeddable":true,"href":"https:\/\/www.hockeywestisland.org\/fr\/wp-json\/wp\/v2\/users\/1"}],"replies":[{"embeddable":true,"href":"https:\/\/www.hockeywestisland.org\/fr\/wp-json\/wp\/v2\/comments?post=2474"}],"version-history":[{"count":117,"href":"https:\/\/www.hockeywestisland.org\/fr\/wp-json\/wp\/v2\/pages\/2474\/revisions"}],"predecessor-version":[{"id":16345,"href":"https:\/\/www.hockeywestisland.org\/fr\/wp-json\/wp\/v2\/pages\/2474\/revisions\/16345"}],"wp:featuredmedia":[{"embeddable":true,"href":"https:\/\/www.hockeywestisland.org\/fr\/wp-json\/wp\/v2\/media\/14074"}],"wp:attachment":[{"href":"https:\/\/www.hockeywestisland.org\/fr\/wp-json\/wp\/v2\/media?parent=2474"}],"curies":[{"name":"wp","href":"https:\/\/api.w.org\/{rel}","templated":true}]}}