{"id":2481,"date":"2018-10-22T12:18:03","date_gmt":"2018-10-22T16:18:03","guid":{"rendered":"https:\/\/www.hockeywestisland.org\/registration\/tournaments\/"},"modified":"2026-03-08T12:41:28","modified_gmt":"2026-03-08T16:41:28","slug":"tournaments","status":"publish","type":"page","link":"https:\/\/www.hockeywestisland.org\/fr\/registration\/tournaments\/","title":{"rendered":"TOURNOIS"},"content":{"rendered":"<p><section data-bb-version=\"5.3.4\" id=\"bt_bb_section69d0e97b9b4a3\" class=\"bt_bb_section bt_bb_layout_boxed_left_right_1200 bt_bb_vertical_align_top bt_bb_top_spacing_none bt_bb_bottom_spacing_none\"  data-bt-override-class=\"{&quot;bt_bb_top_spacing_&quot;:{&quot;current_class&quot;:&quot;bt_bb_top_spacing_none&quot;,&quot;xxl&quot;:&quot;none&quot;},&quot;bt_bb_bottom_spacing_&quot;:{&quot;current_class&quot;:&quot;bt_bb_bottom_spacing_none&quot;,&quot;xxl&quot;:&quot;none&quot;},&quot;bt_bb_animation_&quot;:{&quot;current_class&quot;:&quot;bt_bb_animation_no_animation&quot;,&quot;xxl&quot;:&quot;no_animation&quot;}}\"><div class=\"bt_bb_port\"><div class=\"bt_bb_cell\"><div class=\"bt_bb_cell_inner\"><div class=\"bt_bb_row \"  data-bt-override-class=\"{}\"><div class=\"bt_bb_row_holder\" ><div data-bb-version=\"5.3.4\"  class=\"bt_bb_column col-xxl-12 col-xl-12 col-xs-12 col-sm-12 col-md-12 col-lg-12 bt_bb_vertical_align_top bt_bb_align_center bt_bb_padding_none\" style=\"; --column-width:12;\" data-width=\"12\" data-bt-override-class=\"{&quot;bt_bb_align_&quot;:{&quot;current_class&quot;:&quot;bt_bb_align_center&quot;,&quot;xxl&quot;:&quot;center&quot;},&quot;bt_bb_padding_&quot;:{&quot;current_class&quot;:&quot;bt_bb_padding_none&quot;,&quot;xxl&quot;:&quot;none&quot;},&quot;bt_bb_animation_&quot;:{&quot;current_class&quot;:&quot;bt_bb_animation_no_animation&quot;,&quot;xxl&quot;:&quot;no_animation&quot;}}\"><div class=\"bt_bb_column_content\"><div class=\"bt_bb_column_content_inner\"><div data-bb-version=\"5.2.2\" class=\"bt_bb_image bt_bb_shape_square bt_bb_target_self bt_bb_align_center bt_bb_hover_style_simple bt_bb_content_display_always bt_bb_content_align_middle\" data-bt-override-class=\"{&quot;bt_bb_align_&quot;:{&quot;current_class&quot;:&quot;bt_bb_align_center&quot;,&quot;xxl&quot;:&quot;center&quot;},&quot;bt_bb_content_display_&quot;:{&quot;current_class&quot;:&quot;bt_bb_content_display_always&quot;,&quot;xxl&quot;:&quot;always&quot;}}\"><span><img loading=\"lazy\" decoding=\"async\" width=\"320\" height=\"279\" src=\"https:\/\/www.hockeywestisland.org\/wp-content\/uploads\/2025\/01\/FULLER-CUP-1-320x279.png\" class=\"attachment-boldthemes_small size-boldthemes_small\" alt=\"https:\/\/www.hockeywestisland.org\/wp-content\/uploads\/2025\/01\/FULLER-CUP-1-320x279.png\" data-full_image_src=\"https:\/\/www.hockeywestisland.org\/wp-content\/uploads\/2025\/01\/FULLER-CUP-1.png\" title=\"FULLER CUP (1)\" srcset=\"https:\/\/www.hockeywestisland.org\/wp-content\/uploads\/2025\/01\/FULLER-CUP-1-320x279.png 320w, https:\/\/www.hockeywestisland.org\/wp-content\/uploads\/2025\/01\/FULLER-CUP-1.png 551w\" sizes=\"auto, (max-width: 320px) 100vw, 320px\" \/><\/span><\/div><div data-bb-version=\"5.0.1\" class=\"bt_bb_separator bt_bb_border_style_none bt_bb_top_spacing_small bt_bb_bottom_spacing_small\" data-bt-override-class=\"{&quot;bt_bb_top_spacing_&quot;:{&quot;current_class&quot;:&quot;bt_bb_top_spacing_small&quot;,&quot;xxl&quot;:&quot;small&quot;},&quot;bt_bb_bottom_spacing_&quot;:{&quot;current_class&quot;:&quot;bt_bb_bottom_spacing_small&quot;,&quot;xxl&quot;:&quot;small&quot;}}\"><\/div><header data-bb-version=\"5.3.4\" class=\"bt_bb_headline bt_bb_dash_none bt_bb_subheadline bt_bb_size_inherit bt_bb_align_inherit\" data-bt-override-class=\"{&quot;bt_bb_size_&quot;:{&quot;current_class&quot;:&quot;bt_bb_size_inherit&quot;,&quot;xxl&quot;:&quot;inherit&quot;},&quot;bt_bb_align_&quot;:{&quot;current_class&quot;:&quot;bt_bb_align_inherit&quot;,&quot;xxl&quot;:&quot;inherit&quot;},&quot;bt_bb_animation_&quot;:{&quot;current_class&quot;:&quot;bt_bb_animation_no_animation&quot;,&quot;xxl&quot;:&quot;no_animation&quot;}}\"><div class=\"bt_bb_headline_subheadline\">Veuillez noter que notre comit\u00e9 d'organisation est compos\u00e9 de b\u00e9n\u00e9voles qui travaillent \u00e9galement \u00e0 temps plein<br \/><br \/>\net qui consacrent leur temps \u00e0 notre tournoi. Votre compr\u00e9hension est tr\u00e8s appr\u00e9ci\u00e9e.<br \/><br \/>\nCordialement,<br \/><br \/>\nComit\u00e9 du tournoi HWI, Coupe Fuller 2026<\/div><\/header><div data-bb-version=\"5.0.1\" class=\"bt_bb_separator bt_bb_border_style_none bt_bb_top_spacing_small bt_bb_bottom_spacing_small\" data-bt-override-class=\"{&quot;bt_bb_top_spacing_&quot;:{&quot;current_class&quot;:&quot;bt_bb_top_spacing_small&quot;,&quot;xxl&quot;:&quot;small&quot;},&quot;bt_bb_bottom_spacing_&quot;:{&quot;current_class&quot;:&quot;bt_bb_bottom_spacing_small&quot;,&quot;xxl&quot;:&quot;small&quot;}}\"><\/div><div data-bb-version=\"5.3.4\" class=\"bt_bb_button bt_bb_icon_position_left bt_bb_style_outline bt_bb_size_large bt_bb_width_inline bt_bb_shape_inherit bt_bb_target_self bt_bb_text_transform_inherit bt_bb_align_inherit\" data-bt-override-class=\"{&quot;bt_bb_size_&quot;:{&quot;current_class&quot;:&quot;bt_bb_size_large&quot;,&quot;xxl&quot;:&quot;large&quot;},&quot;bt_bb_align_&quot;:{&quot;current_class&quot;:&quot;bt_bb_align_inherit&quot;,&quot;xxl&quot;:&quot;inherit&quot;},&quot;bt_bb_animation_&quot;:{&quot;current_class&quot;:&quot;bt_bb_animation_no_animation&quot;,&quot;xxl&quot;:&quot;no_animation&quot;}}\"><a href=\"https:\/\/page.spordle.com\/festival-m9-de-west-island\/schedule-stats-standings\" target=\"_self\" class=\"bt_bb_link\" title=\"HORAIRE ET R\u00c9SULTATS DU TOURNOI\"><span class=\"bt_bb_button_text\" >HORAIRE ET R\u00c9SULTATS DU TOURNOI<\/span><\/a><\/div><div data-bb-version=\"5.0.1\" class=\"bt_bb_separator bt_bb_border_style_none bt_bb_top_spacing_small bt_bb_bottom_spacing_small\" data-bt-override-class=\"{&quot;bt_bb_top_spacing_&quot;:{&quot;current_class&quot;:&quot;bt_bb_top_spacing_small&quot;,&quot;xxl&quot;:&quot;small&quot;},&quot;bt_bb_bottom_spacing_&quot;:{&quot;current_class&quot;:&quot;bt_bb_bottom_spacing_small&quot;,&quot;xxl&quot;:&quot;small&quot;}}\"><\/div><\/div><\/div><\/div><\/div><\/div><\/div><!-- cell_inner --><\/div><!-- cell --><\/div><!-- port --><\/section><section data-bb-version=\"5.3.4\" id=\"bt_bb_section69d0e97b9c25a\" class=\"bt_bb_section bt_bb_layout_boxed_left_right_1200 bt_bb_vertical_align_top bt_bb_background_overlay_light_solid bt_bb_top_spacing_none bt_bb_bottom_spacing_none\" style=\";background-color:rgb(255,255,255);\" data-bt-override-class=\"{&quot;bt_bb_top_spacing_&quot;:{&quot;current_class&quot;:&quot;bt_bb_top_spacing_none&quot;,&quot;xxl&quot;:&quot;none&quot;},&quot;bt_bb_bottom_spacing_&quot;:{&quot;current_class&quot;:&quot;bt_bb_bottom_spacing_none&quot;,&quot;xxl&quot;:&quot;none&quot;},&quot;bt_bb_animation_&quot;:{&quot;current_class&quot;:&quot;bt_bb_animation_no_animation&quot;,&quot;xxl&quot;:&quot;no_animation&quot;}}\"><div class=\"bt_bb_port\"><div class=\"bt_bb_cell\"><div class=\"bt_bb_cell_inner\"><div class=\"bt_bb_row \"  data-bt-override-class=\"{}\"><div class=\"bt_bb_row_holder\" ><div data-bb-version=\"5.3.4\"  class=\"bt_bb_column col-xxl-12 col-xl-12 col-xs-12 col-sm-12 col-md-12 col-lg-12 bt_bb_vertical_align_top bt_bb_align_center bt_bb_padding_none\" style=\"; --column-width:12;\" data-width=\"12\" data-bt-override-class=\"{&quot;bt_bb_align_&quot;:{&quot;current_class&quot;:&quot;bt_bb_align_center&quot;,&quot;xxl&quot;:&quot;center&quot;},&quot;bt_bb_padding_&quot;:{&quot;current_class&quot;:&quot;bt_bb_padding_none&quot;,&quot;xxl&quot;:&quot;none&quot;},&quot;bt_bb_animation_&quot;:{&quot;current_class&quot;:&quot;bt_bb_animation_no_animation&quot;,&quot;xxl&quot;:&quot;no_animation&quot;}}\"><div class=\"bt_bb_column_content\"><div class=\"bt_bb_column_content_inner\"><div data-bb-version=\"5.0.1\" class=\"bt_bb_separator bt_bb_border_style_none bt_bb_top_spacing_small bt_bb_bottom_spacing_small\" data-bt-override-class=\"{&quot;bt_bb_top_spacing_&quot;:{&quot;current_class&quot;:&quot;bt_bb_top_spacing_small&quot;,&quot;xxl&quot;:&quot;small&quot;},&quot;bt_bb_bottom_spacing_&quot;:{&quot;current_class&quot;:&quot;bt_bb_bottom_spacing_small&quot;,&quot;xxl&quot;:&quot;small&quot;}}\"><\/div><div data-bb-version=\"5.3.4\" class=\"bt_bb_image bt_bb_shape_square bt_bb_target_self bt_bb_align_inherit bt_bb_hover_style_simple bt_bb_content_display_always bt_bb_content_align_middle\" data-bt-override-class=\"{&quot;bt_bb_align_&quot;:{&quot;current_class&quot;:&quot;bt_bb_align_inherit&quot;,&quot;xxl&quot;:&quot;inherit&quot;},&quot;bt_bb_content_display_&quot;:{&quot;current_class&quot;:&quot;bt_bb_content_display_always&quot;,&quot;xxl&quot;:&quot;always&quot;},&quot;bt_bb_animation_&quot;:{&quot;current_class&quot;:&quot;bt_bb_animation_no_animation&quot;,&quot;xxl&quot;:&quot;no_animation&quot;}}\"><span><img loading=\"lazy\" decoding=\"async\" width=\"1763\" height=\"563\" src=\"https:\/\/www.hockeywestisland.org\/wp-content\/uploads\/2025\/10\/3.png\" class=\"attachment-full size-full\" alt=\"https:\/\/www.hockeywestisland.org\/wp-content\/uploads\/2025\/10\/3.png\" data-full_image_src=\"https:\/\/www.hockeywestisland.org\/wp-content\/uploads\/2025\/10\/3.png\" title=\"3\" srcset=\"https:\/\/www.hockeywestisland.org\/wp-content\/uploads\/2025\/10\/3.png 1763w, https:\/\/www.hockeywestisland.org\/wp-content\/uploads\/2025\/10\/3-640x204.png 640w, https:\/\/www.hockeywestisland.org\/wp-content\/uploads\/2025\/10\/3-1280x409.png 1280w, https:\/\/www.hockeywestisland.org\/wp-content\/uploads\/2025\/10\/3-768x245.png 768w, https:\/\/www.hockeywestisland.org\/wp-content\/uploads\/2025\/10\/3-1536x491.png 1536w, https:\/\/www.hockeywestisland.org\/wp-content\/uploads\/2025\/10\/3-320x102.png 320w\" sizes=\"auto, (max-width: 1763px) 100vw, 1763px\" \/><\/span><\/div><div data-bb-version=\"5.2.2\"  class=\"bt_bb_text\" ><\/p>\n<p data-pm-slice=\"1 1 &#091;&#093;\">Toutes les divisions sont maintenant compl\u00e8tes.<\/p>\n<p>\n<\/div><div class=\"bt_bb_separator bt_bb_border_style_none bt_bb_top_spacing_small bt_bb_bottom_spacing_small\" data-bt-override-class=\"null\"><\/div><div data-bb-version=\"5.3.4\" class=\"bt_bb_button bt_bb_color_scheme_2 bt_bb_icon_position_left bt_bb_style_outline bt_bb_size_large bt_bb_width_full bt_bb_shape_inherit bt_bb_target_blank bt_bb_text_transform_inherit bt_bb_align_inherit\" style=\"; --primary-color:#191919; --secondary-color:#ffffff;\" data-bt-override-class=\"{&quot;bt_bb_size_&quot;:{&quot;current_class&quot;:&quot;bt_bb_size_large&quot;,&quot;xxl&quot;:&quot;large&quot;},&quot;bt_bb_align_&quot;:{&quot;current_class&quot;:&quot;bt_bb_align_inherit&quot;,&quot;xxl&quot;:&quot;inherit&quot;},&quot;bt_bb_animation_&quot;:{&quot;current_class&quot;:&quot;bt_bb_animation_no_animation&quot;,&quot;xxl&quot;:&quot;no_animation&quot;}}\"><a href=\"https:\/\/page.spordle.com\/festival-m9-de-west-island\/schedule-stats-standings\" target=\"_blank\" class=\"bt_bb_link\" title=\"INFORMATION POUR LA SECTION M9\"><span class=\"bt_bb_button_text\" >INFORMATION POUR LA SECTION M9<\/span><span  data-ico-fontawesome=\"&#xf29c;\" class=\"bt_bb_icon_holder\"><\/span><\/a><\/div><div class=\"bt_bb_separator bt_bb_border_style_none bt_bb_top_spacing_small bt_bb_bottom_spacing_small\" data-bt-override-class=\"null\"><\/div><div  class=\"bt_bb_text\" ><\/p>\n<h4><strong>contact:<br \/>\n<\/strong><strong>Informations sur le tournoi M9 :<br \/>\n<\/strong><strong>tournoim9@hockeywestisland.org<\/strong><\/h4>\n<p>\n<\/div><div class=\"bt_bb_separator bt_bb_border_style_none bt_bb_top_spacing_small bt_bb_bottom_spacing_small\" data-bt-override-class=\"null\"><\/div><\/div><\/div><\/div><\/div><\/div><\/div><!-- cell_inner --><\/div><!-- cell --><\/div><!-- port --><\/section><section data-bb-version=\"5.3.4\" id=\"bt_bb_section69d0e97b9cac9\" class=\"bt_bb_section bt_bb_layout_boxed_left_right_1200 bt_bb_vertical_align_top bt_bb_top_spacing_none bt_bb_bottom_spacing_none\"  data-bt-override-class=\"{&quot;bt_bb_top_spacing_&quot;:{&quot;current_class&quot;:&quot;bt_bb_top_spacing_none&quot;,&quot;xxl&quot;:&quot;none&quot;},&quot;bt_bb_bottom_spacing_&quot;:{&quot;current_class&quot;:&quot;bt_bb_bottom_spacing_none&quot;,&quot;xxl&quot;:&quot;none&quot;},&quot;bt_bb_animation_&quot;:{&quot;current_class&quot;:&quot;bt_bb_animation_no_animation&quot;,&quot;xxl&quot;:&quot;no_animation&quot;}}\"><div class=\"bt_bb_port\"><div class=\"bt_bb_cell\"><div class=\"bt_bb_cell_inner\"><div class=\"bt_bb_row \"  data-bt-override-class=\"{}\"><div class=\"bt_bb_row_holder\" ><div data-bb-version=\"5.3.4\"  class=\"bt_bb_column col-xxl-12 col-xl-12 col-xs-12 col-sm-12 col-md-12 col-lg-12 bt_bb_vertical_align_top bt_bb_align_center bt_bb_padding_none\" style=\"; --column-width:12;\" data-width=\"12\" data-bt-override-class=\"{&quot;bt_bb_align_&quot;:{&quot;current_class&quot;:&quot;bt_bb_align_center&quot;,&quot;xxl&quot;:&quot;center&quot;},&quot;bt_bb_padding_&quot;:{&quot;current_class&quot;:&quot;bt_bb_padding_none&quot;,&quot;xxl&quot;:&quot;none&quot;},&quot;bt_bb_animation_&quot;:{&quot;current_class&quot;:&quot;bt_bb_animation_no_animation&quot;,&quot;xxl&quot;:&quot;no_animation&quot;}}\"><div class=\"bt_bb_column_content\"><div class=\"bt_bb_column_content_inner\"><div data-bb-version=\"5.0.1\" class=\"bt_bb_image bt_bb_shape_square bt_bb_target_self bt_bb_align_inherit bt_bb_hover_style_simple bt_bb_content_display_always bt_bb_content_align_middle\" data-bt-override-class=\"{&quot;bt_bb_align_&quot;:{&quot;current_class&quot;:&quot;bt_bb_align_inherit&quot;,&quot;xxl&quot;:&quot;inherit&quot;},&quot;bt_bb_content_display_&quot;:{&quot;current_class&quot;:&quot;bt_bb_content_display_always&quot;,&quot;xxl&quot;:&quot;always&quot;}}\"><span><img loading=\"lazy\" decoding=\"async\" width=\"2100\" height=\"670\" src=\"https:\/\/www.hockeywestisland.org\/wp-content\/uploads\/2024\/10\/Blue-Hockey-Match-Event-Facebook-Post-5.png\" class=\"attachment-full size-full\" alt=\"https:\/\/www.hockeywestisland.org\/wp-content\/uploads\/2024\/10\/Blue-Hockey-Match-Event-Facebook-Post-5.png\" data-full_image_src=\"https:\/\/www.hockeywestisland.org\/wp-content\/uploads\/2024\/10\/Blue-Hockey-Match-Event-Facebook-Post-5.png\" title=\"Blue Hockey Match Event Facebook Post (5)\" srcset=\"https:\/\/www.hockeywestisland.org\/wp-content\/uploads\/2024\/10\/Blue-Hockey-Match-Event-Facebook-Post-5.png 2100w, https:\/\/www.hockeywestisland.org\/wp-content\/uploads\/2024\/10\/Blue-Hockey-Match-Event-Facebook-Post-5-640x204.png 640w, https:\/\/www.hockeywestisland.org\/wp-content\/uploads\/2024\/10\/Blue-Hockey-Match-Event-Facebook-Post-5-1280x408.png 1280w, https:\/\/www.hockeywestisland.org\/wp-content\/uploads\/2024\/10\/Blue-Hockey-Match-Event-Facebook-Post-5-768x245.png 768w, https:\/\/www.hockeywestisland.org\/wp-content\/uploads\/2024\/10\/Blue-Hockey-Match-Event-Facebook-Post-5-1536x490.png 1536w, https:\/\/www.hockeywestisland.org\/wp-content\/uploads\/2024\/10\/Blue-Hockey-Match-Event-Facebook-Post-5-2048x653.png 2048w, https:\/\/www.hockeywestisland.org\/wp-content\/uploads\/2024\/10\/Blue-Hockey-Match-Event-Facebook-Post-5-320x102.png 320w\" sizes=\"auto, (max-width: 2100px) 100vw, 2100px\" \/><\/span><\/div><div class=\"bt_bb_separator bt_bb_border_style_none bt_bb_top_spacing_extra_small bt_bb_bottom_spacing_none\" data-bt-override-class=\"{&quot;bt_bb_top_spacing_&quot;:{&quot;current_class&quot;:&quot;bt_bb_top_spacing_extra_small&quot;,&quot;xxl&quot;:&quot;extra_small&quot;,&quot;xl&quot;:&quot;extra_small&quot;},&quot;bt_bb_bottom_spacing_&quot;:{&quot;current_class&quot;:&quot;bt_bb_bottom_spacing_none&quot;,&quot;xxl&quot;:&quot;none&quot;,&quot;xl&quot;:&quot;none&quot;}}\"><\/div><div data-bb-version=\"5.0.1\"  class=\"bt_bb_text\" ><\/p>\n<h6>Inclus dans les frais d&rsquo;inscription:<\/h6>\n<p>Garantie de deux matchs pour les \u00e9quipes M11 et M13<br \/>\nQuatre matchs sur deux jours (un week-end) pour les \u00e9quipes M9<br \/>\nPetit cadeau pour chaque joueur<br \/>\nBoisson et collation pour les joueurs M9 entre leur premier et deuxi\u00e8me match (les deux jours)<br \/>\nBoisson et collation apr\u00e8s chaque match des M11 et M13<br \/>\nM\u00e9daille de participation pour tous les joueurs M9<br \/>\nPrix \u00ab\u00a0joueur du match\u00a0\u00bb pour chaque match<br \/>\nM\u00e9dailles pour chaque joueur et banni\u00e8re d&rsquo;\u00e9quipe pour les finalistes et champions M11 et M13<\/p>\n<h6>\u00c9galement sur place:<\/h6>\n<p>Table de tirage ($) avec des prix pour tous les int\u00e9r\u00eats et tous les \u00e2ges<br \/>\nNotre populaire \u00ab Tirage toonie \u00bb avec des prix instantan\u00e9s<br \/>\nCantine<br \/>\nMusique et annonces pour la plupart des jeux<\/p>\n<p>\n<\/div><\/div><\/div><\/div><\/div><\/div><\/div><!-- cell_inner --><\/div><!-- cell --><\/div><!-- port --><\/section><section id=\"bt_bb_section69d0e97b9d115\" class=\"bt_bb_section bt_bb_layout_boxed_1200\"  data-bt-override-class=\"null\"><div class=\"bt_bb_port\"><div class=\"bt_bb_cell\"><div class=\"bt_bb_cell_inner\"><div class=\"bt_bb_row \"  data-bt-override-class=\"{}\"><div class=\"bt_bb_row_holder\" ><div  class=\"bt_bb_column col-xxl-12 col-xl-12 col-xs-12 col-sm-12 col-md-12 col-lg-12 bt_bb_vertical_align_top bt_bb_align_center bt_bb_padding_none\" style=\"; --column-width:12;\" data-width=\"12\" data-bt-override-class=\"{&quot;bt_bb_align_&quot;:{&quot;current_class&quot;:&quot;bt_bb_align_center&quot;,&quot;xxl&quot;:&quot;center&quot;,&quot;xl&quot;:&quot;center&quot;},&quot;bt_bb_padding_&quot;:{&quot;current_class&quot;:&quot;bt_bb_padding_none&quot;,&quot;xxl&quot;:&quot;none&quot;,&quot;xl&quot;:&quot;none&quot;}}\"><div class=\"bt_bb_column_content\"><div class=\"bt_bb_column_content_inner\"><div class=\"bt_bb_image bt_bb_shape_soft-rounded bt_bb_target_self bt_bb_align_inherit bt_bb_hover_style_simple bt_bb_content_display_always bt_bb_content_align_middle\" data-bt-override-class=\"{&quot;bt_bb_align_&quot;:{&quot;current_class&quot;:&quot;bt_bb_align_inherit&quot;,&quot;xxl&quot;:&quot;inherit&quot;,&quot;xl&quot;:&quot;inherit&quot;}}\"><span><img loading=\"lazy\" decoding=\"async\" width=\"768\" height=\"576\" src=\"https:\/\/www.hockeywestisland.org\/wp-content\/uploads\/2022\/10\/IMG_20201205_120505-1-768x576.jpg\" class=\"attachment-medium_large size-medium_large\" alt=\"https:\/\/www.hockeywestisland.org\/wp-content\/uploads\/2022\/10\/IMG_20201205_120505-1-768x576.jpg\" data-full_image_src=\"https:\/\/www.hockeywestisland.org\/wp-content\/uploads\/2022\/10\/IMG_20201205_120505-1-scaled.jpg\" title=\"IMG_20201205_120505\" srcset=\"https:\/\/www.hockeywestisland.org\/wp-content\/uploads\/2022\/10\/IMG_20201205_120505-1-768x576.jpg 768w, https:\/\/www.hockeywestisland.org\/wp-content\/uploads\/2022\/10\/IMG_20201205_120505-1-640x480.jpg 640w, https:\/\/www.hockeywestisland.org\/wp-content\/uploads\/2022\/10\/IMG_20201205_120505-1-1280x960.jpg 1280w, https:\/\/www.hockeywestisland.org\/wp-content\/uploads\/2022\/10\/IMG_20201205_120505-1-1536x1152.jpg 1536w, https:\/\/www.hockeywestisland.org\/wp-content\/uploads\/2022\/10\/IMG_20201205_120505-1-2048x1536.jpg 2048w, https:\/\/www.hockeywestisland.org\/wp-content\/uploads\/2022\/10\/IMG_20201205_120505-1-320x240.jpg 320w\" sizes=\"auto, (max-width: 768px) 100vw, 768px\" \/><\/span><\/div><div class=\"bt_bb_separator bt_bb_border_style_none bt_bb_top_spacing_extra_small bt_bb_bottom_spacing_none\" data-bt-override-class=\"{&quot;bt_bb_top_spacing_&quot;:{&quot;current_class&quot;:&quot;bt_bb_top_spacing_extra_small&quot;,&quot;xxl&quot;:&quot;extra_small&quot;,&quot;xl&quot;:&quot;extra_small&quot;},&quot;bt_bb_bottom_spacing_&quot;:{&quot;current_class&quot;:&quot;bt_bb_bottom_spacing_none&quot;,&quot;xxl&quot;:&quot;none&quot;,&quot;xl&quot;:&quot;none&quot;}}\"><\/div><\/div><\/div><\/div><\/div><\/div><\/div><!-- cell_inner --><\/div><!-- cell --><\/div><!-- port --><\/section><\/p>\n","protected":false},"excerpt":{"rendered":"","protected":false},"author":1,"featured_media":0,"parent":2474,"menu_order":0,"comment_status":"closed","ping_status":"closed","template":"","meta":{"_monsterinsights_skip_tracking":false,"_monsterinsights_sitenote_active":false,"_monsterinsights_sitenote_note":"","_monsterinsights_sitenote_category":0,"ngg_post_thumbnail":0,"footnotes":""},"class_list":["post-2481","page","type-page","status-publish","hentry"],"_links":{"self":[{"href":"https:\/\/www.hockeywestisland.org\/fr\/wp-json\/wp\/v2\/pages\/2481","targetHints":{"allow":["GET"]}}],"collection":[{"href":"https:\/\/www.hockeywestisland.org\/fr\/wp-json\/wp\/v2\/pages"}],"about":[{"href":"https:\/\/www.hockeywestisland.org\/fr\/wp-json\/wp\/v2\/types\/page"}],"author":[{"embeddable":true,"href":"https:\/\/www.hockeywestisland.org\/fr\/wp-json\/wp\/v2\/users\/1"}],"replies":[{"embeddable":true,"href":"https:\/\/www.hockeywestisland.org\/fr\/wp-json\/wp\/v2\/comments?post=2481"}],"version-history":[{"count":153,"href":"https:\/\/www.hockeywestisland.org\/fr\/wp-json\/wp\/v2\/pages\/2481\/revisions"}],"predecessor-version":[{"id":16639,"href":"https:\/\/www.hockeywestisland.org\/fr\/wp-json\/wp\/v2\/pages\/2481\/revisions\/16639"}],"up":[{"embeddable":true,"href":"https:\/\/www.hockeywestisland.org\/fr\/wp-json\/wp\/v2\/pages\/2474"}],"wp:attachment":[{"href":"https:\/\/www.hockeywestisland.org\/fr\/wp-json\/wp\/v2\/media?parent=2481"}],"curies":[{"name":"wp","href":"https:\/\/api.w.org\/{rel}","templated":true}]}}