{"id":8582,"date":"2021-07-30T11:02:27","date_gmt":"2021-07-30T15:02:27","guid":{"rendered":"https:\/\/www.hockeywestisland.org\/registration\/equipment-list\/"},"modified":"2024-08-19T16:58:33","modified_gmt":"2024-08-19T20:58:33","slug":"equipment-list","status":"publish","type":"page","link":"https:\/\/www.hockeywestisland.org\/fr\/registration\/equipment-list\/","title":{"rendered":"LISTE D&rsquo;\u00c9QUIPEMENT"},"content":{"rendered":"<section id=\"bt_bb_section69d6391013c7e\" class=\"bt_bb_section bt_bb_layout_boxed_1200\"  data-bt-override-class=\"null\"><div class=\"bt_bb_port\"><div class=\"bt_bb_cell\"><div class=\"bt_bb_cell_inner\"><div class=\"bt_bb_row \"  data-bt-override-class=\"{}\"><div class=\"bt_bb_row_holder\" ><div  class=\"bt_bb_column col-xxl-12 col-xl-12 col-xs-12 col-sm-12 col-md-12 col-lg-12 bt_bb_vertical_align_top bt_bb_align_left bt_bb_padding_normal\" style=\"; --column-width:12;\" data-width=\"12\" data-bt-override-class=\"{}\"><div class=\"bt_bb_column_content\"><div class=\"bt_bb_column_content_inner\"><div data-bb-version=\"4.9.0\"  class=\"bt_bb_text\" ><\/p>\n<p><strong>Hockey West Island fournit de l&rsquo;\u00e9quipement de gardien de but aux gardiens dans les divisions M7 et M9 qui souhaitent l&rsquo;essayer pendant la saison.<\/strong><br \/>\n<strong>Nous avons \u00e9galement un nombre limit\u00e9 d&rsquo;articles de gardien de but disponibles pour les joueurs plus \u00e2g\u00e9s.<\/strong><\/p>\n<p><strong>Bien que l&rsquo;\u00e9quipement de hockey puisse \u00eatre tr\u00e8s co\u00fbteux, il y a plusieurs fa\u00e7ons d&rsquo;\u00e9conomiser, notamment en achetant de l&rsquo;\u00e9quipement usag\u00e9 de bonne qualit\u00e9 sur des sites comme VarageSale et Facebook Marketplace, dans des magasins d&rsquo;\u00e9quipement de sport usag\u00e9s ou aupr\u00e8s de membres de HWI.<\/strong><\/p>\n<p><strong>HWI a \u00e9galement son propre groupe Facebook o\u00f9 vous pouvez afficher ou vendre de l&rsquo;\u00e9quipement de hockey.<\/strong><br \/>\n<strong><a href=\"https:\/\/www.facebook.com\/groups\/2990384787935703\" target=\"_blank\" rel=\"noopener\">GROUPE FACEBOOK<\/a><\/strong><\/p>\n<p><strong>Veuillez noter que les b\u00e2tons de hockey en plastique ne sont pas autoris\u00e9es. <\/strong><\/p>\n<p>\n<\/div><div class=\"bt_bb_separator bt_bb_border_style_none bt_bb_top_spacing_normal bt_bb_bottom_spacing_none\" data-bt-override-class=\"{&quot;bt_bb_top_spacing_&quot;:{&quot;current_class&quot;:&quot;bt_bb_top_spacing_normal&quot;,&quot;xxl&quot;:&quot;normal&quot;,&quot;xl&quot;:&quot;normal&quot;},&quot;bt_bb_bottom_spacing_&quot;:{&quot;current_class&quot;:&quot;bt_bb_bottom_spacing_none&quot;,&quot;xxl&quot;:&quot;none&quot;,&quot;xl&quot;:&quot;none&quot;}}\"><\/div><div data-bb-version=\"4.9.0\" class=\"bt_bb_image bt_bb_shape_square bt_bb_target_self bt_bb_align_inherit bt_bb_hover_style_simple bt_bb_content_display_always bt_bb_content_align_middle\" data-bt-override-class=\"{&quot;bt_bb_align_&quot;:{&quot;current_class&quot;:&quot;bt_bb_align_inherit&quot;,&quot;xxl&quot;:&quot;inherit&quot;},&quot;bt_bb_content_display_&quot;:{&quot;current_class&quot;:&quot;bt_bb_content_display_always&quot;,&quot;xxl&quot;:&quot;always&quot;}}\"><span><img loading=\"lazy\" decoding=\"async\" width=\"4000\" height=\"3000\" src=\"https:\/\/www.hockeywestisland.org\/wp-content\/uploads\/2024\/05\/HOCKEY-3.png\" class=\"attachment-full size-full\" alt=\"https:\/\/www.hockeywestisland.org\/wp-content\/uploads\/2024\/05\/HOCKEY-3.png\" data-full_image_src=\"https:\/\/www.hockeywestisland.org\/wp-content\/uploads\/2024\/05\/HOCKEY-3.png\" title=\"HOCKEY (3)\" srcset=\"https:\/\/www.hockeywestisland.org\/wp-content\/uploads\/2024\/05\/HOCKEY-3.png 4000w, https:\/\/www.hockeywestisland.org\/wp-content\/uploads\/2024\/05\/HOCKEY-3-640x480.png 640w, https:\/\/www.hockeywestisland.org\/wp-content\/uploads\/2024\/05\/HOCKEY-3-1280x960.png 1280w, https:\/\/www.hockeywestisland.org\/wp-content\/uploads\/2024\/05\/HOCKEY-3-768x576.png 768w, https:\/\/www.hockeywestisland.org\/wp-content\/uploads\/2024\/05\/HOCKEY-3-1536x1152.png 1536w, https:\/\/www.hockeywestisland.org\/wp-content\/uploads\/2024\/05\/HOCKEY-3-2048x1536.png 2048w, https:\/\/www.hockeywestisland.org\/wp-content\/uploads\/2024\/05\/HOCKEY-3-320x240.png 320w\" sizes=\"auto, (max-width: 4000px) 100vw, 4000px\" \/><\/span><\/div><div class=\"bt_bb_separator bt_bb_border_style_none bt_bb_top_spacing_normal bt_bb_bottom_spacing_none\" data-bt-override-class=\"{&quot;bt_bb_top_spacing_&quot;:{&quot;current_class&quot;:&quot;bt_bb_top_spacing_normal&quot;,&quot;xxl&quot;:&quot;normal&quot;,&quot;xl&quot;:&quot;normal&quot;},&quot;bt_bb_bottom_spacing_&quot;:{&quot;current_class&quot;:&quot;bt_bb_bottom_spacing_none&quot;,&quot;xxl&quot;:&quot;none&quot;,&quot;xl&quot;:&quot;none&quot;}}\"><\/div><\/div><\/div><\/div><\/div><\/div><\/div><!-- cell_inner --><\/div><!-- cell --><\/div><!-- port --><\/section>\n","protected":false},"excerpt":{"rendered":"","protected":false},"author":7,"featured_media":0,"parent":2474,"menu_order":0,"comment_status":"closed","ping_status":"closed","template":"","meta":{"_monsterinsights_skip_tracking":false,"_monsterinsights_sitenote_active":false,"_monsterinsights_sitenote_note":"","_monsterinsights_sitenote_category":0,"ngg_post_thumbnail":0,"footnotes":""},"class_list":["post-8582","page","type-page","status-publish","hentry"],"_links":{"self":[{"href":"https:\/\/www.hockeywestisland.org\/fr\/wp-json\/wp\/v2\/pages\/8582","targetHints":{"allow":["GET"]}}],"collection":[{"href":"https:\/\/www.hockeywestisland.org\/fr\/wp-json\/wp\/v2\/pages"}],"about":[{"href":"https:\/\/www.hockeywestisland.org\/fr\/wp-json\/wp\/v2\/types\/page"}],"author":[{"embeddable":true,"href":"https:\/\/www.hockeywestisland.org\/fr\/wp-json\/wp\/v2\/users\/7"}],"replies":[{"embeddable":true,"href":"https:\/\/www.hockeywestisland.org\/fr\/wp-json\/wp\/v2\/comments?post=8582"}],"version-history":[{"count":7,"href":"https:\/\/www.hockeywestisland.org\/fr\/wp-json\/wp\/v2\/pages\/8582\/revisions"}],"predecessor-version":[{"id":14400,"href":"https:\/\/www.hockeywestisland.org\/fr\/wp-json\/wp\/v2\/pages\/8582\/revisions\/14400"}],"up":[{"embeddable":true,"href":"https:\/\/www.hockeywestisland.org\/fr\/wp-json\/wp\/v2\/pages\/2474"}],"wp:attachment":[{"href":"https:\/\/www.hockeywestisland.org\/fr\/wp-json\/wp\/v2\/media?parent=8582"}],"curies":[{"name":"wp","href":"https:\/\/api.w.org\/{rel}","templated":true}]}}